{"id":2036,"date":"2020-10-26T11:57:32","date_gmt":"2020-10-26T10:57:32","guid":{"rendered":"http:\/\/pritec.se\/?page_id=2036"},"modified":"2020-11-12T16:15:50","modified_gmt":"2020-11-12T15:15:50","slug":"vaculyft-l","status":"publish","type":"page","link":"https:\/\/pritec.se\/en\/vaculyft-l\/","title":{"rendered":"VACULYFT L"},"content":{"rendered":"<div data-elementor-type=\"wp-page\" data-elementor-id=\"2036\" class=\"elementor elementor-2036\" data-elementor-post-type=\"page\">\n\t\t\t\t\t\t<section class=\"elementor-section elementor-top-section elementor-element elementor-element-4fea6964 elementor-section-height-min-height elementor-section-boxed elementor-section-height-default elementor-section-items-middle\" data-id=\"4fea6964\" data-element_type=\"section\" data-settings=\"{&quot;background_background&quot;:&quot;classic&quot;,&quot;background_motion_fx_motion_fx_scrolling&quot;:&quot;yes&quot;,&quot;background_motion_fx_scale_effect&quot;:&quot;yes&quot;,&quot;background_motion_fx_scale_range&quot;:{&quot;unit&quot;:&quot;%&quot;,&quot;size&quot;:&quot;&quot;,&quot;sizes&quot;:{&quot;start&quot;:29,&quot;end&quot;:80}},&quot;animation&quot;:&quot;none&quot;,&quot;background_motion_fx_scale_direction&quot;:&quot;out-in&quot;,&quot;background_motion_fx_scale_speed&quot;:{&quot;unit&quot;:&quot;px&quot;,&quot;size&quot;:4,&quot;sizes&quot;:[]},&quot;background_motion_fx_devices&quot;:[&quot;desktop&quot;,&quot;tablet&quot;,&quot;mobile&quot;]}\">\n\t\t\t\t\t\t\t<div class=\"elementor-background-overlay\"><\/div>\n\t\t\t\t\t\t\t<div class=\"elementor-container elementor-column-gap-default\">\n\t\t\t\t\t<div class=\"elementor-column elementor-col-50 elementor-top-column elementor-element elementor-element-565b8ea7 hide-tablet-mobile\" data-id=\"565b8ea7\" data-element_type=\"column\">\n\t\t\t<div class=\"elementor-widget-wrap\">\n\t\t\t\t\t\t\t<\/div>\n\t\t<\/div>\n\t\t\t\t<div class=\"elementor-column elementor-col-50 elementor-top-column elementor-element elementor-element-4435c4b2\" data-id=\"4435c4b2\" data-element_type=\"column\" data-settings=\"{&quot;background_background&quot;:&quot;classic&quot;}\">\n\t\t\t<div class=\"elementor-widget-wrap elementor-element-populated\">\n\t\t\t\t\t\t<div class=\"elementor-element elementor-element-3f9cd1ca no-margin elementor-widget elementor-widget-heading\" data-id=\"3f9cd1ca\" data-element_type=\"widget\" data-widget_type=\"heading.default\">\n\t\t\t\t<div class=\"elementor-widget-container\">\n\t\t\t\t\t<h1 class=\"elementor-heading-title elementor-size-default\">VACULYFT L<\/h1>\t\t\t\t<\/div>\n\t\t\t\t<\/div>\n\t\t\t\t<div class=\"elementor-element elementor-element-46a0d148 elementor-widget elementor-widget-text-editor\" data-id=\"46a0d148\" data-element_type=\"widget\" data-widget_type=\"text-editor.default\">\n\t\t\t\t<div class=\"elementor-widget-container\">\n\t\t\t\t\t\t\t\t\t<p>Vaculyft L is equipped with a caterpillar chassis for easy movement and establishment.<\/p>\t\t\t\t\t\t\t\t<\/div>\n\t\t\t\t<\/div>\n\t\t\t\t\t<\/div>\n\t\t<\/div>\n\t\t\t\t\t<\/div>\n\t\t<\/section>\n\t\t\t\t<section class=\"elementor-section elementor-top-section elementor-element elementor-element-1c4dc8c9 elementor-section-boxed elementor-section-height-default elementor-section-height-default\" data-id=\"1c4dc8c9\" data-element_type=\"section\">\n\t\t\t\t\t\t<div class=\"elementor-container elementor-column-gap-no\">\n\t\t\t\t\t<div class=\"elementor-column elementor-col-50 elementor-top-column elementor-element elementor-element-5ad072af\" data-id=\"5ad072af\" data-element_type=\"column\">\n\t\t\t<div class=\"elementor-widget-wrap elementor-element-populated\">\n\t\t\t\t\t\t<div class=\"elementor-element elementor-element-3c5bccfe elementor-widget elementor-widget-image\" data-id=\"3c5bccfe\" data-element_type=\"widget\" data-widget_type=\"image.default\">\n\t\t\t\t<div class=\"elementor-widget-container\">\n\t\t\t\t\t\t\t\t\t\t\t\t\t\t\t<img fetchpriority=\"high\" decoding=\"async\" width=\"1024\" height=\"576\" src=\"https:\/\/pritec.se\/wp-content\/uploads\/2016\/11\/Vaculyft-L-Avenyn-1-1024x576.jpg\" class=\"attachment-large size-large wp-image-1143\" alt=\"\" srcset=\"https:\/\/pritec.se\/wp-content\/uploads\/2016\/11\/Vaculyft-L-Avenyn-1-1024x576.jpg 1024w, https:\/\/pritec.se\/wp-content\/uploads\/2016\/11\/Vaculyft-L-Avenyn-1-300x169.jpg 300w, https:\/\/pritec.se\/wp-content\/uploads\/2016\/11\/Vaculyft-L-Avenyn-1-768x432.jpg 768w, https:\/\/pritec.se\/wp-content\/uploads\/2016\/11\/Vaculyft-L-Avenyn-1-1536x864.jpg 1536w, https:\/\/pritec.se\/wp-content\/uploads\/2016\/11\/Vaculyft-L-Avenyn-1.jpg 2048w\" sizes=\"(max-width: 1024px) 100vw, 1024px\" \/>\t\t\t\t\t\t\t\t\t\t\t\t\t\t\t<\/div>\n\t\t\t\t<\/div>\n\t\t\t\t<div class=\"elementor-element elementor-element-e7e8ab5 elementor-widget elementor-widget-oew-image-gallery\" data-id=\"e7e8ab5\" data-element_type=\"widget\" data-widget_type=\"oew-image-gallery.default\">\n\t\t\t\t<div class=\"elementor-widget-container\">\n\t\t\t\t\t\n\t\t<div class=\"oew-image-gallery oew-has-lightbox\">\n\t\t\t\n\t\t\t\t<div class=\"oew-gallery-item\">\n\t\t\t\t\t<a class=\"oew-gallery-item-inner no-lightbox\" href=\"https:\/\/pritec.se\/wp-content\/uploads\/2016\/11\/Vaculyft-L-Kviberg-1.jpg\" data-width=\"677\" data-height=\"405\" data-elementor-open-lightbox=\"no\">\n\t\t\t\t\t\t<div class=\"oew-gallery-thumbnail\">\n\t\t\t\t\t\t\t<img decoding=\"async\" src=\"https:\/\/pritec.se\/wp-content\/uploads\/2016\/11\/Vaculyft-L-Kviberg-1-150x150.jpg\" alt=\"vaculyft-l-kviberg\">\n\t\t\t\t\t\t<\/div>\n\n\t\t\t\t\t\t\t\t\t\t\t\t\t<div class=\"oew-gallery-overlay oew-gallery-transition-fade\">\n\t\t\t\t\t\t\t\t\t\t\t\t\t\t\t\t\t<div class=\"oew-gallery-item-icon\">\n\t\t\t\t\t\t\t\t\t\t<i aria-hidden=\"true\" class=\"fas fa-search\"><\/i>\t\t\t\t\t\t\t\t\t<\/div>\n\t\t\t\t\t\t\t\t\t\t\t\t\t\t\t\t<\/div>\n\t\t\t\t\t\t\t\t\t\t\t\t<\/a>\n\t\t\t\t<\/div>\n\n\t\t\t\t\n\t\t\t\t<div class=\"oew-gallery-item\">\n\t\t\t\t\t<a class=\"oew-gallery-item-inner no-lightbox\" href=\"https:\/\/pritec.se\/wp-content\/uploads\/2016\/11\/Vaculyft-L-Kerbstone-handling-1-scaled.jpg\" data-width=\"2560\" data-height=\"1920\" data-elementor-open-lightbox=\"no\">\n\t\t\t\t\t\t<div class=\"oew-gallery-thumbnail\">\n\t\t\t\t\t\t\t<img decoding=\"async\" src=\"https:\/\/pritec.se\/wp-content\/uploads\/2016\/11\/Vaculyft-L-Kerbstone-handling-1-150x150.jpg\" alt=\"vaculyft-l-kerbstone-handling\">\n\t\t\t\t\t\t<\/div>\n\n\t\t\t\t\t\t\t\t\t\t\t\t\t<div class=\"oew-gallery-overlay oew-gallery-transition-fade\">\n\t\t\t\t\t\t\t\t\t\t\t\t\t\t\t\t\t<div class=\"oew-gallery-item-icon\">\n\t\t\t\t\t\t\t\t\t\t<i aria-hidden=\"true\" class=\"fas fa-search\"><\/i>\t\t\t\t\t\t\t\t\t<\/div>\n\t\t\t\t\t\t\t\t\t\t\t\t\t\t\t\t<\/div>\n\t\t\t\t\t\t\t\t\t\t\t\t<\/a>\n\t\t\t\t<\/div>\n\n\t\t\t\t\n\t\t\t\t<div class=\"oew-gallery-item\">\n\t\t\t\t\t<a class=\"oew-gallery-item-inner no-lightbox\" href=\"https:\/\/pritec.se\/wp-content\/uploads\/2016\/11\/Vaculyft-L-01-1-scaled.jpg\" data-width=\"2560\" data-height=\"1920\" data-elementor-open-lightbox=\"no\">\n\t\t\t\t\t\t<div class=\"oew-gallery-thumbnail\">\n\t\t\t\t\t\t\t<img decoding=\"async\" src=\"https:\/\/pritec.se\/wp-content\/uploads\/2016\/11\/Vaculyft-L-01-1-150x150.jpg\" alt=\"vaculyft-l-01\">\n\t\t\t\t\t\t<\/div>\n\n\t\t\t\t\t\t\t\t\t\t\t\t\t<div class=\"oew-gallery-overlay oew-gallery-transition-fade\">\n\t\t\t\t\t\t\t\t\t\t\t\t\t\t\t\t\t<div class=\"oew-gallery-item-icon\">\n\t\t\t\t\t\t\t\t\t\t<i aria-hidden=\"true\" class=\"fas fa-search\"><\/i>\t\t\t\t\t\t\t\t\t<\/div>\n\t\t\t\t\t\t\t\t\t\t\t\t\t\t\t\t<\/div>\n\t\t\t\t\t\t\t\t\t\t\t\t<\/a>\n\t\t\t\t<\/div>\n\n\t\t\t\t\n\t\t\t\t<div class=\"oew-gallery-item\">\n\t\t\t\t\t<a class=\"oew-gallery-item-inner no-lightbox\" href=\"https:\/\/pritec.se\/wp-content\/uploads\/2016\/11\/Vaculyft-L-Avenyn-1.jpg\" data-width=\"2048\" data-height=\"1152\" data-elementor-open-lightbox=\"no\">\n\t\t\t\t\t\t<div class=\"oew-gallery-thumbnail\">\n\t\t\t\t\t\t\t<img decoding=\"async\" src=\"https:\/\/pritec.se\/wp-content\/uploads\/2016\/11\/Vaculyft-L-Avenyn-1-150x150.jpg\" alt=\"vaculyft-l-avenyn\">\n\t\t\t\t\t\t<\/div>\n\n\t\t\t\t\t\t\t\t\t\t\t\t\t<div class=\"oew-gallery-overlay oew-gallery-transition-fade\">\n\t\t\t\t\t\t\t\t\t\t\t\t\t\t\t\t\t<div class=\"oew-gallery-item-icon\">\n\t\t\t\t\t\t\t\t\t\t<i aria-hidden=\"true\" class=\"fas fa-search\"><\/i>\t\t\t\t\t\t\t\t\t<\/div>\n\t\t\t\t\t\t\t\t\t\t\t\t\t\t\t\t<\/div>\n\t\t\t\t\t\t\t\t\t\t\t\t<\/a>\n\t\t\t\t<\/div>\n\n\t\t\t\t\t\t<\/div>\n\n\t\t\t\t\t\t<\/div>\n\t\t\t\t<\/div>\n\t\t\t\t\t<\/div>\n\t\t<\/div>\n\t\t\t\t<div class=\"elementor-column elementor-col-50 elementor-top-column elementor-element elementor-element-6478f7a6\" data-id=\"6478f7a6\" data-element_type=\"column\">\n\t\t\t<div class=\"elementor-widget-wrap elementor-element-populated\">\n\t\t\t\t\t\t<div class=\"elementor-element elementor-element-a4459d0 no-margin elementor-widget elementor-widget-heading\" data-id=\"a4459d0\" data-element_type=\"widget\" data-widget_type=\"heading.default\">\n\t\t\t\t<div class=\"elementor-widget-container\">\n\t\t\t\t\t<h2 class=\"elementor-heading-title elementor-size-default\">VACULYFT L<\/h2>\t\t\t\t<\/div>\n\t\t\t\t<\/div>\n\t\t\t\t<div class=\"elementor-element elementor-element-2b69dcbc elementor-widget-divider--view-line elementor-widget elementor-widget-divider\" data-id=\"2b69dcbc\" data-element_type=\"widget\" data-widget_type=\"divider.default\">\n\t\t\t\t<div class=\"elementor-widget-container\">\n\t\t\t\t\t\t\t<div class=\"elementor-divider\">\n\t\t\t<span class=\"elementor-divider-separator\">\n\t\t\t\t\t\t<\/span>\n\t\t<\/div>\n\t\t\t\t\t\t<\/div>\n\t\t\t\t<\/div>\n\t\t\t\t<div class=\"elementor-element elementor-element-50890c38 elementor-widget elementor-widget-text-editor\" data-id=\"50890c38\" data-element_type=\"widget\" data-widget_type=\"text-editor.default\">\n\t\t\t\t<div class=\"elementor-widget-container\">\n\t\t\t\t\t\t\t\t\tDen smidiga l\u00e4ggningsmaskinen f\u00f6r marksten, plattor, kantsten, mursten, s\u00e4ckar m.m. <br>Utrustad med larvchassi f\u00f6r enkel f\u00f6rflyttning och etablering vilket inneb\u00e4r o\u00e4ndliga m\u00f6jligheter p\u00e5 anv\u00e4ndningsomr\u00e5den inom lyfthantering.\n<br>Finns i olika utf\u00f6randen anpassade till lyftobjektens storlek och vikt.\n<br>Genom att lossa en enda mutter kan enkelt lyfta av lyftenheten och montera ett sj\u00e4lvlastande dumperflak p\u00e5 Vaculyft L.\t\t\t\t\t\t\t\t<\/div>\n\t\t\t\t<\/div>\n\t\t\t\t<div class=\"elementor-element elementor-element-aecf823 elementor-widget elementor-widget-global elementor-global-2375 elementor-widget-button\" data-id=\"aecf823\" data-element_type=\"widget\" data-widget_type=\"button.default\">\n\t\t\t\t<div class=\"elementor-widget-container\">\n\t\t\t\t\t\t\t\t\t<div class=\"elementor-button-wrapper\">\n\t\t\t\t\t<a class=\"elementor-button elementor-button-link elementor-size-xs\" href=\"https:\/\/pritec.se\/en\/marksten\/\">\n\t\t\t\t\t\t<span class=\"elementor-button-content-wrapper\">\n\t\t\t\t\t\t\t\t\t<span class=\"elementor-button-text\">Back to Paving<\/span>\n\t\t\t\t\t<\/span>\n\t\t\t\t\t<\/a>\n\t\t\t\t<\/div>\n\t\t\t\t\t\t\t\t<\/div>\n\t\t\t\t<\/div>\n\t\t\t\t\t<\/div>\n\t\t<\/div>\n\t\t\t\t\t<\/div>\n\t\t<\/section>\n\t\t\t\t<section class=\"elementor-section elementor-top-section elementor-element elementor-element-7fa855cc elementor-section-content-middle elementor-section-boxed elementor-section-height-default elementor-section-height-default\" data-id=\"7fa855cc\" data-element_type=\"section\" data-settings=\"{&quot;background_background&quot;:&quot;classic&quot;}\">\n\t\t\t\t\t\t\t<div class=\"elementor-background-overlay\"><\/div>\n\t\t\t\t\t\t\t<div class=\"elementor-container elementor-column-gap-default\">\n\t\t\t\t\t<div class=\"elementor-column elementor-col-100 elementor-top-column elementor-element elementor-element-69c60956\" data-id=\"69c60956\" data-element_type=\"column\">\n\t\t\t<div class=\"elementor-widget-wrap elementor-element-populated\">\n\t\t\t\t\t\t<div class=\"elementor-element elementor-element-30b65ccf no-margin elementor-widget elementor-widget-heading\" data-id=\"30b65ccf\" data-element_type=\"widget\" data-widget_type=\"heading.default\">\n\t\t\t\t<div class=\"elementor-widget-container\">\n\t\t\t\t\t<h2 class=\"elementor-heading-title elementor-size-default\">Pritec Vaculyft delivers<\/h2>\t\t\t\t<\/div>\n\t\t\t\t<\/div>\n\t\t\t\t<div class=\"elementor-element elementor-element-7364592e elementor-widget-divider--view-line elementor-widget elementor-widget-divider\" data-id=\"7364592e\" data-element_type=\"widget\" data-widget_type=\"divider.default\">\n\t\t\t\t<div class=\"elementor-widget-container\">\n\t\t\t\t\t\t\t<div class=\"elementor-divider\">\n\t\t\t<span class=\"elementor-divider-separator\">\n\t\t\t\t\t\t<\/span>\n\t\t<\/div>\n\t\t\t\t\t\t<\/div>\n\t\t\t\t<\/div>\n\t\t\t\t<section class=\"elementor-section elementor-inner-section elementor-element elementor-element-7faffd4f elementor-section-boxed elementor-section-height-default elementor-section-height-default\" data-id=\"7faffd4f\" data-element_type=\"section\" data-settings=\"{&quot;background_background&quot;:&quot;classic&quot;}\">\n\t\t\t\t\t\t<div class=\"elementor-container elementor-column-gap-default\">\n\t\t\t\t\t<div class=\"elementor-column elementor-col-50 elementor-inner-column elementor-element elementor-element-646818c7\" data-id=\"646818c7\" data-element_type=\"column\" data-settings=\"{&quot;background_background&quot;:&quot;classic&quot;}\">\n\t\t\t<div class=\"elementor-widget-wrap elementor-element-populated\">\n\t\t\t\t\t\t<div class=\"elementor-element elementor-element-10352dd8 elementor-widget elementor-widget-text-editor\" data-id=\"10352dd8\" data-element_type=\"widget\" data-widget_type=\"text-editor.default\">\n\t\t\t\t<div class=\"elementor-widget-container\">\n\t\t\t\t\t\t\t\t\t<ul>\n \t<li><a style=\"color: #ffffff;\" href=\"https:\/\/pritec.se\/en\/prilift-2\/(opens in a new tab)\/\">Vacuum lifts<\/a><\/li>\n \t<li><a style=\"color: #ffffff;\" href=\"\/en\/url\/\">Momentary lifts<\/a><\/li>\n \t<li><a style=\"color: #ffffff;\" href=\"https:\/\/pritec.se\/en\/balanslyftar\/\">Balance lifts<\/a><\/li>\n \t<li><a style=\"color: #ffffff;\" href=\"https:\/\/pritec.se\/en\/kranar_traverser\/\">Swivel cranes<\/a><\/li>\n<\/ul>\t\t\t\t\t\t\t\t<\/div>\n\t\t\t\t<\/div>\n\t\t\t\t\t<\/div>\n\t\t<\/div>\n\t\t\t\t<div class=\"elementor-column elementor-col-50 elementor-inner-column elementor-element elementor-element-60a598c8\" data-id=\"60a598c8\" data-element_type=\"column\" data-settings=\"{&quot;background_background&quot;:&quot;classic&quot;}\">\n\t\t\t<div class=\"elementor-widget-wrap elementor-element-populated\">\n\t\t\t\t\t\t<div class=\"elementor-element elementor-element-5ce020eb elementor-widget elementor-widget-text-editor\" data-id=\"5ce020eb\" data-element_type=\"widget\" data-widget_type=\"text-editor.default\">\n\t\t\t\t<div class=\"elementor-widget-container\">\n\t\t\t\t\t\t\t\t\t<ul>\n \t<li><a style=\"color: #ffffff;\" href=\"https:\/\/pritec.se\/en\/kranar_traverser\/\">Traverses<\/a><\/li>\n \t<li><a style=\"color: #ffffff;\" href=\"https:\/\/pritec.se\/en\/specialanpassad_lyftutrustning\/\">Lifting tools<\/a><\/li>\n \t<li><a style=\"color: #ffffff;\" href=\"\/en\/url\/\">Installation<\/a><\/li>\n \t<li><a style=\"color: #ffffff;\" href=\"\/en\/url\/\">Service<\/a><\/li>\n<\/ul>\t\t\t\t\t\t\t\t<\/div>\n\t\t\t\t<\/div>\n\t\t\t\t\t<\/div>\n\t\t<\/div>\n\t\t\t\t\t<\/div>\n\t\t<\/section>\n\t\t\t\t\t<\/div>\n\t\t<\/div>\n\t\t\t\t\t<\/div>\n\t\t<\/section>\n\t\t\t\t<\/div>","protected":false},"excerpt":{"rendered":"<p>VACULYFT L Vaculyft L \u00e4r utrustad med larvchassi f\u00f6r enkel f\u00f6rflyttning och etablering. VACULYFT L Den smidiga l\u00e4ggningsmaskinen f\u00f6r marksten, plattor, kantsten, mursten, s\u00e4ckar m.m. Utrustad med larvchassi f\u00f6r enkel f\u00f6rflyttning och etablering vilket inneb\u00e4r o\u00e4ndliga m\u00f6jligheter p\u00e5 anv\u00e4ndningsomr\u00e5den inom lyfthantering. Finns i olika utf\u00f6randen anpassade till lyftobjektens storlek och vikt. Genom att lossa en [&hellip;]<\/p>","protected":false},"author":1,"featured_media":0,"parent":0,"menu_order":0,"comment_status":"closed","ping_status":"closed","template":"","meta":{"ocean_post_layout":"full-screen","ocean_both_sidebars_style":"","ocean_both_sidebars_content_width":0,"ocean_both_sidebars_sidebars_width":0,"ocean_sidebar":"0","ocean_second_sidebar":"0","ocean_disable_margins":"enable","ocean_add_body_class":"","ocean_shortcode_before_top_bar":"","ocean_shortcode_after_top_bar":"","ocean_shortcode_before_header":"","ocean_shortcode_after_header":"","ocean_has_shortcode":"","ocean_shortcode_after_title":"","ocean_shortcode_before_footer_widgets":"","ocean_shortcode_after_footer_widgets":"","ocean_shortcode_before_footer_bottom":"","ocean_shortcode_after_footer_bottom":"","ocean_display_top_bar":"default","ocean_display_header":"default","ocean_header_style":"","ocean_center_header_left_menu":"0","ocean_custom_header_template":"0","ocean_custom_logo":0,"ocean_custom_retina_logo":0,"ocean_custom_logo_max_width":0,"ocean_custom_logo_tablet_max_width":0,"ocean_custom_logo_mobile_max_width":0,"ocean_custom_logo_max_height":0,"ocean_custom_logo_tablet_max_height":0,"ocean_custom_logo_mobile_max_height":0,"ocean_header_custom_menu":"0","ocean_menu_typo_font_family":"0","ocean_menu_typo_font_subset":"","ocean_menu_typo_font_size":0,"ocean_menu_typo_font_size_tablet":0,"ocean_menu_typo_font_size_mobile":0,"ocean_menu_typo_font_size_unit":"px","ocean_menu_typo_font_weight":"","ocean_menu_typo_font_weight_tablet":"","ocean_menu_typo_font_weight_mobile":"","ocean_menu_typo_transform":"","ocean_menu_typo_transform_tablet":"","ocean_menu_typo_transform_mobile":"","ocean_menu_typo_line_height":0,"ocean_menu_typo_line_height_tablet":0,"ocean_menu_typo_line_height_mobile":0,"ocean_menu_typo_line_height_unit":"","ocean_menu_typo_spacing":0,"ocean_menu_typo_spacing_tablet":0,"ocean_menu_typo_spacing_mobile":0,"ocean_menu_typo_spacing_unit":"","ocean_menu_link_color":"","ocean_menu_link_color_hover":"","ocean_menu_link_color_active":"","ocean_menu_link_background":"","ocean_menu_link_hover_background":"","ocean_menu_link_active_background":"","ocean_menu_social_links_bg":"","ocean_menu_social_hover_links_bg":"","ocean_menu_social_links_color":"","ocean_menu_social_hover_links_color":"","ocean_disable_title":"on","ocean_disable_heading":"default","ocean_post_title":"","ocean_post_subheading":"","ocean_post_title_style":"","ocean_post_title_background_color":"","ocean_post_title_background":0,"ocean_post_title_bg_image_position":"","ocean_post_title_bg_image_attachment":"","ocean_post_title_bg_image_repeat":"","ocean_post_title_bg_image_size":"","ocean_post_title_height":0,"ocean_post_title_bg_overlay":0.5,"ocean_post_title_bg_overlay_color":"","ocean_disable_breadcrumbs":"off","ocean_breadcrumbs_color":"","ocean_breadcrumbs_separator_color":"","ocean_breadcrumbs_links_color":"","ocean_breadcrumbs_links_hover_color":"","ocean_display_footer_widgets":"default","ocean_display_footer_bottom":"default","ocean_custom_footer_template":"0","osh_disable_topbar_sticky":"default","osh_disable_header_sticky":"default","osh_sticky_header_style":"default","osh_sticky_header_effect":"","osh_custom_sticky_logo":0,"osh_custom_retina_sticky_logo":0,"osh_custom_sticky_logo_height":0,"osh_background_color":"","osh_links_color":"","osh_links_hover_color":"","osh_links_active_color":"","osh_links_bg_color":"","osh_links_hover_bg_color":"","osh_links_active_bg_color":"","osh_menu_social_links_color":"","osh_menu_social_hover_links_color":"","footnotes":""},"class_list":["post-2036","page","type-page","status-publish","hentry","entry"],"_links":{"self":[{"href":"https:\/\/pritec.se\/en\/wp-json\/wp\/v2\/pages\/2036","targetHints":{"allow":["GET"]}}],"collection":[{"href":"https:\/\/pritec.se\/en\/wp-json\/wp\/v2\/pages"}],"about":[{"href":"https:\/\/pritec.se\/en\/wp-json\/wp\/v2\/types\/page"}],"author":[{"embeddable":true,"href":"https:\/\/pritec.se\/en\/wp-json\/wp\/v2\/users\/1"}],"replies":[{"embeddable":true,"href":"https:\/\/pritec.se\/en\/wp-json\/wp\/v2\/comments?post=2036"}],"version-history":[{"count":19,"href":"https:\/\/pritec.se\/en\/wp-json\/wp\/v2\/pages\/2036\/revisions"}],"predecessor-version":[{"id":2435,"href":"https:\/\/pritec.se\/en\/wp-json\/wp\/v2\/pages\/2036\/revisions\/2435"}],"wp:attachment":[{"href":"https:\/\/pritec.se\/en\/wp-json\/wp\/v2\/media?parent=2036"}],"curies":[{"name":"wp","href":"https:\/\/api.w.org\/{rel}","templated":true}]}}