{"id":2053,"date":"2020-10-26T12:46:12","date_gmt":"2020-10-26T11:46:12","guid":{"rendered":"http:\/\/pritec.se\/?page_id=2053"},"modified":"2020-11-12T16:17:26","modified_gmt":"2020-11-12T15:17:26","slug":"vaculyft-pm","status":"publish","type":"page","link":"https:\/\/pritec.se\/en\/vaculyft-pm\/","title":{"rendered":"Vaculyft PM"},"content":{"rendered":"<div data-elementor-type=\"wp-page\" data-elementor-id=\"2053\" class=\"elementor elementor-2053\" data-elementor-post-type=\"page\">\n\t\t\t\t\t\t<section class=\"elementor-section elementor-top-section elementor-element elementor-element-262ba838 elementor-section-height-min-height elementor-section-boxed elementor-section-height-default elementor-section-items-middle\" data-id=\"262ba838\" data-element_type=\"section\" data-settings=\"{&quot;background_background&quot;:&quot;classic&quot;,&quot;background_motion_fx_motion_fx_scrolling&quot;:&quot;yes&quot;,&quot;background_motion_fx_scale_effect&quot;:&quot;yes&quot;,&quot;background_motion_fx_scale_range&quot;:{&quot;unit&quot;:&quot;%&quot;,&quot;size&quot;:&quot;&quot;,&quot;sizes&quot;:{&quot;start&quot;:29,&quot;end&quot;:80}},&quot;animation&quot;:&quot;none&quot;,&quot;background_motion_fx_scale_direction&quot;:&quot;out-in&quot;,&quot;background_motion_fx_scale_speed&quot;:{&quot;unit&quot;:&quot;px&quot;,&quot;size&quot;:4,&quot;sizes&quot;:[]},&quot;background_motion_fx_devices&quot;:[&quot;desktop&quot;,&quot;tablet&quot;,&quot;mobile&quot;]}\">\n\t\t\t\t\t\t\t<div class=\"elementor-background-overlay\"><\/div>\n\t\t\t\t\t\t\t<div class=\"elementor-container elementor-column-gap-default\">\n\t\t\t\t\t<div class=\"elementor-column elementor-col-50 elementor-top-column elementor-element elementor-element-4c9adee2 hide-tablet-mobile\" data-id=\"4c9adee2\" data-element_type=\"column\">\n\t\t\t<div class=\"elementor-widget-wrap\">\n\t\t\t\t\t\t\t<\/div>\n\t\t<\/div>\n\t\t\t\t<div class=\"elementor-column elementor-col-50 elementor-top-column elementor-element elementor-element-584c076c\" data-id=\"584c076c\" data-element_type=\"column\" data-settings=\"{&quot;background_background&quot;:&quot;classic&quot;}\">\n\t\t\t<div class=\"elementor-widget-wrap elementor-element-populated\">\n\t\t\t\t\t\t<div class=\"elementor-element elementor-element-52335f6e no-margin elementor-widget elementor-widget-heading\" data-id=\"52335f6e\" data-element_type=\"widget\" data-widget_type=\"heading.default\">\n\t\t\t\t<div class=\"elementor-widget-container\">\n\t\t\t\t\t<h1 class=\"elementor-heading-title elementor-size-default\">Vaculyft PM<\/h1>\t\t\t\t<\/div>\n\t\t\t\t<\/div>\n\t\t\t\t<div class=\"elementor-element elementor-element-a286745 elementor-widget elementor-widget-text-editor\" data-id=\"a286745\" data-element_type=\"widget\" data-widget_type=\"text-editor.default\">\n\t\t\t\t<div class=\"elementor-widget-container\">\n\t\t\t\t\t\t\t\t\t<p>Combined truck and laying machine for easy movement of both machine and material.<\/p>\t\t\t\t\t\t\t\t<\/div>\n\t\t\t\t<\/div>\n\t\t\t\t\t<\/div>\n\t\t<\/div>\n\t\t\t\t\t<\/div>\n\t\t<\/section>\n\t\t\t\t<section class=\"elementor-section elementor-top-section elementor-element elementor-element-759d318e elementor-section-boxed elementor-section-height-default elementor-section-height-default\" data-id=\"759d318e\" data-element_type=\"section\">\n\t\t\t\t\t\t<div class=\"elementor-container elementor-column-gap-no\">\n\t\t\t\t\t<div class=\"elementor-column elementor-col-50 elementor-top-column elementor-element elementor-element-55992b68\" data-id=\"55992b68\" data-element_type=\"column\">\n\t\t\t<div class=\"elementor-widget-wrap elementor-element-populated\">\n\t\t\t\t\t\t<div class=\"elementor-element elementor-element-4b7ae4e9 elementor-widget elementor-widget-image\" data-id=\"4b7ae4e9\" data-element_type=\"widget\" data-widget_type=\"image.default\">\n\t\t\t\t<div class=\"elementor-widget-container\">\n\t\t\t\t\t\t\t\t\t\t\t\t\t\t\t<img fetchpriority=\"high\" decoding=\"async\" width=\"1024\" height=\"768\" src=\"https:\/\/pritec.se\/wp-content\/uploads\/2016\/02\/Vaculyft-PM-i-kungsbacka-023-2-1024x768.jpg\" class=\"attachment-large size-large wp-image-275\" alt=\"\" srcset=\"https:\/\/pritec.se\/wp-content\/uploads\/2016\/02\/Vaculyft-PM-i-kungsbacka-023-2-1024x768.jpg 1024w, https:\/\/pritec.se\/wp-content\/uploads\/2016\/02\/Vaculyft-PM-i-kungsbacka-023-2-300x225.jpg 300w, https:\/\/pritec.se\/wp-content\/uploads\/2016\/02\/Vaculyft-PM-i-kungsbacka-023-2-768x576.jpg 768w, https:\/\/pritec.se\/wp-content\/uploads\/2016\/02\/Vaculyft-PM-i-kungsbacka-023-2-1536x1152.jpg 1536w, https:\/\/pritec.se\/wp-content\/uploads\/2016\/02\/Vaculyft-PM-i-kungsbacka-023-2-2048x1536.jpg 2048w\" sizes=\"(max-width: 1024px) 100vw, 1024px\" \/>\t\t\t\t\t\t\t\t\t\t\t\t\t\t\t<\/div>\n\t\t\t\t<\/div>\n\t\t\t\t<div class=\"elementor-element elementor-element-69d41b7 elementor-widget elementor-widget-oew-image-gallery\" data-id=\"69d41b7\" data-element_type=\"widget\" data-widget_type=\"oew-image-gallery.default\">\n\t\t\t\t<div class=\"elementor-widget-container\">\n\t\t\t\t\t\n\t\t<div class=\"oew-image-gallery oew-has-lightbox\">\n\t\t\t\n\t\t\t\t<div class=\"oew-gallery-item\">\n\t\t\t\t\t<a class=\"oew-gallery-item-inner no-lightbox\" href=\"https:\/\/pritec.se\/wp-content\/uploads\/2016\/02\/Vaculyft-PM-2-scaled.jpg\" data-width=\"2560\" data-height=\"1920\" data-elementor-open-lightbox=\"no\">\n\t\t\t\t\t\t<div class=\"oew-gallery-thumbnail\">\n\t\t\t\t\t\t\t<img decoding=\"async\" src=\"https:\/\/pritec.se\/wp-content\/uploads\/2016\/02\/Vaculyft-PM-2-150x150.jpg\" alt=\"Vaculyft PM\">\n\t\t\t\t\t\t<\/div>\n\n\t\t\t\t\t\t\t\t\t\t\t\t\t<div class=\"oew-gallery-overlay oew-gallery-transition-fade\">\n\t\t\t\t\t\t\t\t\t\t\t\t\t\t\t\t\t<div class=\"oew-gallery-item-icon\">\n\t\t\t\t\t\t\t\t\t\t<i aria-hidden=\"true\" class=\"fas fa-search\"><\/i>\t\t\t\t\t\t\t\t\t<\/div>\n\t\t\t\t\t\t\t\t\t\t\t\t\t\t\t\t<\/div>\n\t\t\t\t\t\t\t\t\t\t\t\t<\/a>\n\t\t\t\t<\/div>\n\n\t\t\t\t\t\t<\/div>\n\n\t\t\t\t\t\t<\/div>\n\t\t\t\t<\/div>\n\t\t\t\t\t<\/div>\n\t\t<\/div>\n\t\t\t\t<div class=\"elementor-column elementor-col-50 elementor-top-column elementor-element elementor-element-553a1c18\" data-id=\"553a1c18\" data-element_type=\"column\">\n\t\t\t<div class=\"elementor-widget-wrap elementor-element-populated\">\n\t\t\t\t\t\t<div class=\"elementor-element elementor-element-40ed389c no-margin elementor-widget elementor-widget-heading\" data-id=\"40ed389c\" data-element_type=\"widget\" data-widget_type=\"heading.default\">\n\t\t\t\t<div class=\"elementor-widget-container\">\n\t\t\t\t\t<h2 class=\"elementor-heading-title elementor-size-default\">Vaculyft PM<\/h2>\t\t\t\t<\/div>\n\t\t\t\t<\/div>\n\t\t\t\t<div class=\"elementor-element elementor-element-75a1e179 elementor-widget-divider--view-line elementor-widget elementor-widget-divider\" data-id=\"75a1e179\" data-element_type=\"widget\" data-widget_type=\"divider.default\">\n\t\t\t\t<div class=\"elementor-widget-container\">\n\t\t\t\t\t\t\t<div class=\"elementor-divider\">\n\t\t\t<span class=\"elementor-divider-separator\">\n\t\t\t\t\t\t<\/span>\n\t\t<\/div>\n\t\t\t\t\t\t<\/div>\n\t\t\t\t<\/div>\n\t\t\t\t<div class=\"elementor-element elementor-element-5adb7019 elementor-widget elementor-widget-text-editor\" data-id=\"5adb7019\" data-element_type=\"widget\" data-widget_type=\"text-editor.default\">\n\t\t\t\t<div class=\"elementor-widget-container\">\n\t\t\t\t\t\t\t\t\tThe combined truck and laying machine for paving stones, tiles, curbs, bricks, sacks etc. The machine has a caterpillar chassis with a truck stand for easy movement of both the machine and the material to be lifted.<br>\nMinimizes the need for other machines in the workplace, which means good economy and endless possibilities in areas of use in lifting handling.\t\t\t\t\t\t\t\t<\/div>\n\t\t\t\t<\/div>\n\t\t\t\t<div class=\"elementor-element elementor-element-3fcdc10 elementor-widget elementor-widget-global elementor-global-2375 elementor-widget-button\" data-id=\"3fcdc10\" data-element_type=\"widget\" data-widget_type=\"button.default\">\n\t\t\t\t<div class=\"elementor-widget-container\">\n\t\t\t\t\t\t\t\t\t<div class=\"elementor-button-wrapper\">\n\t\t\t\t\t<a class=\"elementor-button elementor-button-link elementor-size-xs\" href=\"https:\/\/pritec.se\/en\/marksten\/\">\n\t\t\t\t\t\t<span class=\"elementor-button-content-wrapper\">\n\t\t\t\t\t\t\t\t\t<span class=\"elementor-button-text\">Back to Paving<\/span>\n\t\t\t\t\t<\/span>\n\t\t\t\t\t<\/a>\n\t\t\t\t<\/div>\n\t\t\t\t\t\t\t\t<\/div>\n\t\t\t\t<\/div>\n\t\t\t\t\t<\/div>\n\t\t<\/div>\n\t\t\t\t\t<\/div>\n\t\t<\/section>\n\t\t\t\t<section class=\"elementor-section elementor-top-section elementor-element elementor-element-2a99fb2e elementor-section-content-middle elementor-section-boxed elementor-section-height-default elementor-section-height-default\" data-id=\"2a99fb2e\" data-element_type=\"section\" data-settings=\"{&quot;background_background&quot;:&quot;classic&quot;}\">\n\t\t\t\t\t\t\t<div class=\"elementor-background-overlay\"><\/div>\n\t\t\t\t\t\t\t<div class=\"elementor-container elementor-column-gap-default\">\n\t\t\t\t\t<div class=\"elementor-column elementor-col-100 elementor-top-column elementor-element elementor-element-5e8055d6\" data-id=\"5e8055d6\" data-element_type=\"column\">\n\t\t\t<div class=\"elementor-widget-wrap elementor-element-populated\">\n\t\t\t\t\t\t<div class=\"elementor-element elementor-element-4de90a2b no-margin elementor-widget elementor-widget-heading\" data-id=\"4de90a2b\" data-element_type=\"widget\" data-widget_type=\"heading.default\">\n\t\t\t\t<div class=\"elementor-widget-container\">\n\t\t\t\t\t<h2 class=\"elementor-heading-title elementor-size-default\">Pritec Vaculyft delivers<\/h2>\t\t\t\t<\/div>\n\t\t\t\t<\/div>\n\t\t\t\t<div class=\"elementor-element elementor-element-74022238 elementor-widget-divider--view-line elementor-widget elementor-widget-divider\" data-id=\"74022238\" data-element_type=\"widget\" data-widget_type=\"divider.default\">\n\t\t\t\t<div class=\"elementor-widget-container\">\n\t\t\t\t\t\t\t<div class=\"elementor-divider\">\n\t\t\t<span class=\"elementor-divider-separator\">\n\t\t\t\t\t\t<\/span>\n\t\t<\/div>\n\t\t\t\t\t\t<\/div>\n\t\t\t\t<\/div>\n\t\t\t\t<section class=\"elementor-section elementor-inner-section elementor-element elementor-element-9ba4a33 elementor-section-boxed elementor-section-height-default elementor-section-height-default\" data-id=\"9ba4a33\" data-element_type=\"section\" data-settings=\"{&quot;background_background&quot;:&quot;classic&quot;}\">\n\t\t\t\t\t\t<div class=\"elementor-container elementor-column-gap-default\">\n\t\t\t\t\t<div class=\"elementor-column elementor-col-50 elementor-inner-column elementor-element elementor-element-44561e00\" data-id=\"44561e00\" data-element_type=\"column\" data-settings=\"{&quot;background_background&quot;:&quot;classic&quot;}\">\n\t\t\t<div class=\"elementor-widget-wrap elementor-element-populated\">\n\t\t\t\t\t\t<div class=\"elementor-element elementor-element-78cff26d elementor-widget elementor-widget-text-editor\" data-id=\"78cff26d\" data-element_type=\"widget\" data-widget_type=\"text-editor.default\">\n\t\t\t\t<div class=\"elementor-widget-container\">\n\t\t\t\t\t\t\t\t\t<ul>\n \t<li><a style=\"color: #ffffff;\" href=\"https:\/\/pritec.se\/en\/prilift-2\/(opens in a new tab)\/\">Vacuum lifts<\/a><\/li>\n \t<li><a style=\"color: #ffffff;\" href=\"\/en\/url\/\">Momentary lifts<\/a><\/li>\n \t<li><a style=\"color: #ffffff;\" href=\"https:\/\/pritec.se\/en\/balanslyftar\/\">Balance lifts<\/a><\/li>\n \t<li><a style=\"color: #ffffff;\" href=\"https:\/\/pritec.se\/en\/kranar_traverser\/\">Swivel cranes<\/a><\/li>\n<\/ul>\t\t\t\t\t\t\t\t<\/div>\n\t\t\t\t<\/div>\n\t\t\t\t\t<\/div>\n\t\t<\/div>\n\t\t\t\t<div class=\"elementor-column elementor-col-50 elementor-inner-column elementor-element elementor-element-1329f8ea\" data-id=\"1329f8ea\" data-element_type=\"column\" data-settings=\"{&quot;background_background&quot;:&quot;classic&quot;}\">\n\t\t\t<div class=\"elementor-widget-wrap elementor-element-populated\">\n\t\t\t\t\t\t<div class=\"elementor-element elementor-element-7cce98f1 elementor-widget elementor-widget-text-editor\" data-id=\"7cce98f1\" data-element_type=\"widget\" data-widget_type=\"text-editor.default\">\n\t\t\t\t<div class=\"elementor-widget-container\">\n\t\t\t\t\t\t\t\t\t<ul>\n \t<li><a style=\"color: #ffffff;\" href=\"https:\/\/pritec.se\/en\/kranar_traverser\/\">Traverses<\/a><\/li>\n \t<li><a style=\"color: #ffffff;\" href=\"https:\/\/pritec.se\/en\/specialanpassad_lyftutrustning\/\">Lifting tools<\/a><\/li>\n \t<li><a style=\"color: #ffffff;\" href=\"\/en\/url\/\">Installation<\/a><\/li>\n \t<li><a style=\"color: #ffffff;\" href=\"\/en\/url\/\">Service<\/a><\/li>\n<\/ul>\t\t\t\t\t\t\t\t<\/div>\n\t\t\t\t<\/div>\n\t\t\t\t\t<\/div>\n\t\t<\/div>\n\t\t\t\t\t<\/div>\n\t\t<\/section>\n\t\t\t\t\t<\/div>\n\t\t<\/div>\n\t\t\t\t\t<\/div>\n\t\t<\/section>\n\t\t\t\t<\/div>","protected":false},"excerpt":{"rendered":"<p>Vaculyft PM Kombinerad truck- och l\u00e4ggningsmaskin f\u00f6r enkel flytt av b\u00e5de maskin och material. Vaculyft PM Den kombinerade truck- och l\u00e4ggningsmaskinen f\u00f6r marksten, plattor, kantsten, mursten, s\u00e4ckar\u00a0mm. Maskinen har larvchassi med truckstativ f\u00f6r enkel f\u00f6rflyttning av b\u00e5de maskin och\u00a0materialet som skall lyftas. Minimerar behovet av andra maskiner p\u00e5 arbetsplatsen vilket\u00a0inneb\u00e4r god ekonomi och o\u00e4ndliga m\u00f6jligheter [&hellip;]<\/p>","protected":false},"author":1,"featured_media":0,"parent":0,"menu_order":0,"comment_status":"closed","ping_status":"closed","template":"","meta":{"ocean_post_layout":"full-screen","ocean_both_sidebars_style":"","ocean_both_sidebars_content_width":0,"ocean_both_sidebars_sidebars_width":0,"ocean_sidebar":"0","ocean_second_sidebar":"0","ocean_disable_margins":"enable","ocean_add_body_class":"","ocean_shortcode_before_top_bar":"","ocean_shortcode_after_top_bar":"","ocean_shortcode_before_header":"","ocean_shortcode_after_header":"","ocean_has_shortcode":"","ocean_shortcode_after_title":"","ocean_shortcode_before_footer_widgets":"","ocean_shortcode_after_footer_widgets":"","ocean_shortcode_before_footer_bottom":"","ocean_shortcode_after_footer_bottom":"","ocean_display_top_bar":"default","ocean_display_header":"default","ocean_header_style":"","ocean_center_header_left_menu":"0","ocean_custom_header_template":"0","ocean_custom_logo":0,"ocean_custom_retina_logo":0,"ocean_custom_logo_max_width":0,"ocean_custom_logo_tablet_max_width":0,"ocean_custom_logo_mobile_max_width":0,"ocean_custom_logo_max_height":0,"ocean_custom_logo_tablet_max_height":0,"ocean_custom_logo_mobile_max_height":0,"ocean_header_custom_menu":"0","ocean_menu_typo_font_family":"0","ocean_menu_typo_font_subset":"","ocean_menu_typo_font_size":0,"ocean_menu_typo_font_size_tablet":0,"ocean_menu_typo_font_size_mobile":0,"ocean_menu_typo_font_size_unit":"px","ocean_menu_typo_font_weight":"","ocean_menu_typo_font_weight_tablet":"","ocean_menu_typo_font_weight_mobile":"","ocean_menu_typo_transform":"","ocean_menu_typo_transform_tablet":"","ocean_menu_typo_transform_mobile":"","ocean_menu_typo_line_height":0,"ocean_menu_typo_line_height_tablet":0,"ocean_menu_typo_line_height_mobile":0,"ocean_menu_typo_line_height_unit":"","ocean_menu_typo_spacing":0,"ocean_menu_typo_spacing_tablet":0,"ocean_menu_typo_spacing_mobile":0,"ocean_menu_typo_spacing_unit":"","ocean_menu_link_color":"","ocean_menu_link_color_hover":"","ocean_menu_link_color_active":"","ocean_menu_link_background":"","ocean_menu_link_hover_background":"","ocean_menu_link_active_background":"","ocean_menu_social_links_bg":"","ocean_menu_social_hover_links_bg":"","ocean_menu_social_links_color":"","ocean_menu_social_hover_links_color":"","ocean_disable_title":"on","ocean_disable_heading":"default","ocean_post_title":"","ocean_post_subheading":"","ocean_post_title_style":"","ocean_post_title_background_color":"","ocean_post_title_background":0,"ocean_post_title_bg_image_position":"","ocean_post_title_bg_image_attachment":"","ocean_post_title_bg_image_repeat":"","ocean_post_title_bg_image_size":"","ocean_post_title_height":0,"ocean_post_title_bg_overlay":0.5,"ocean_post_title_bg_overlay_color":"","ocean_disable_breadcrumbs":"off","ocean_breadcrumbs_color":"","ocean_breadcrumbs_separator_color":"","ocean_breadcrumbs_links_color":"","ocean_breadcrumbs_links_hover_color":"","ocean_display_footer_widgets":"default","ocean_display_footer_bottom":"default","ocean_custom_footer_template":"0","osh_disable_topbar_sticky":"default","osh_disable_header_sticky":"default","osh_sticky_header_style":"default","osh_sticky_header_effect":"","osh_custom_sticky_logo":0,"osh_custom_retina_sticky_logo":0,"osh_custom_sticky_logo_height":0,"osh_background_color":"","osh_links_color":"","osh_links_hover_color":"","osh_links_active_color":"","osh_links_bg_color":"","osh_links_hover_bg_color":"","osh_links_active_bg_color":"","osh_menu_social_links_color":"","osh_menu_social_hover_links_color":"","footnotes":""},"class_list":["post-2053","page","type-page","status-publish","hentry","entry"],"_links":{"self":[{"href":"https:\/\/pritec.se\/en\/wp-json\/wp\/v2\/pages\/2053","targetHints":{"allow":["GET"]}}],"collection":[{"href":"https:\/\/pritec.se\/en\/wp-json\/wp\/v2\/pages"}],"about":[{"href":"https:\/\/pritec.se\/en\/wp-json\/wp\/v2\/types\/page"}],"author":[{"embeddable":true,"href":"https:\/\/pritec.se\/en\/wp-json\/wp\/v2\/users\/1"}],"replies":[{"embeddable":true,"href":"https:\/\/pritec.se\/en\/wp-json\/wp\/v2\/comments?post=2053"}],"version-history":[{"count":7,"href":"https:\/\/pritec.se\/en\/wp-json\/wp\/v2\/pages\/2053\/revisions"}],"predecessor-version":[{"id":2437,"href":"https:\/\/pritec.se\/en\/wp-json\/wp\/v2\/pages\/2053\/revisions\/2437"}],"wp:attachment":[{"href":"https:\/\/pritec.se\/en\/wp-json\/wp\/v2\/media?parent=2053"}],"curies":[{"name":"wp","href":"https:\/\/api.w.org\/{rel}","templated":true}]}}