{"id":2454,"date":"2020-11-12T19:59:05","date_gmt":"2020-11-12T18:59:05","guid":{"rendered":"http:\/\/pritec.se\/?page_id=2454"},"modified":"2021-01-13T19:27:40","modified_gmt":"2021-01-13T18:27:40","slug":"andrenplast-om-prilift-workstation","status":"publish","type":"page","link":"https:\/\/pritec.se\/en\/andrenplast-om-prilift-workstation\/","title":{"rendered":"Andrenplast om Prilift Workstation"},"content":{"rendered":"<div data-elementor-type=\"wp-page\" data-elementor-id=\"2454\" class=\"elementor elementor-2454\" data-elementor-post-type=\"page\">\n\t\t\t\t\t\t<section class=\"elementor-section elementor-top-section elementor-element elementor-element-104bf415 elementor-section-height-min-height elementor-section-boxed elementor-section-height-default elementor-section-items-middle\" data-id=\"104bf415\" data-element_type=\"section\" data-settings=\"{&quot;background_background&quot;:&quot;classic&quot;,&quot;background_motion_fx_motion_fx_scrolling&quot;:&quot;yes&quot;,&quot;background_motion_fx_scale_effect&quot;:&quot;yes&quot;,&quot;background_motion_fx_scale_range&quot;:{&quot;unit&quot;:&quot;%&quot;,&quot;size&quot;:&quot;&quot;,&quot;sizes&quot;:{&quot;start&quot;:29,&quot;end&quot;:80}},&quot;animation&quot;:&quot;none&quot;,&quot;background_motion_fx_scale_direction&quot;:&quot;out-in&quot;,&quot;background_motion_fx_scale_speed&quot;:{&quot;unit&quot;:&quot;px&quot;,&quot;size&quot;:4,&quot;sizes&quot;:[]},&quot;background_motion_fx_devices&quot;:[&quot;desktop&quot;,&quot;tablet&quot;,&quot;mobile&quot;]}\">\n\t\t\t\t\t\t\t<div class=\"elementor-background-overlay\"><\/div>\n\t\t\t\t\t\t\t<div class=\"elementor-container elementor-column-gap-default\">\n\t\t\t\t\t<div class=\"elementor-column elementor-col-50 elementor-top-column elementor-element elementor-element-5f13f2ee hide-tablet-mobile\" data-id=\"5f13f2ee\" data-element_type=\"column\">\n\t\t\t<div class=\"elementor-widget-wrap\">\n\t\t\t\t\t\t\t<\/div>\n\t\t<\/div>\n\t\t\t\t<div class=\"elementor-column elementor-col-50 elementor-top-column elementor-element elementor-element-2cade2a\" data-id=\"2cade2a\" data-element_type=\"column\" data-settings=\"{&quot;background_background&quot;:&quot;classic&quot;}\">\n\t\t\t<div class=\"elementor-widget-wrap elementor-element-populated\">\n\t\t\t\t\t\t<div class=\"elementor-element elementor-element-408b592b no-margin elementor-widget elementor-widget-heading\" data-id=\"408b592b\" data-element_type=\"widget\" data-widget_type=\"heading.default\">\n\t\t\t\t<div class=\"elementor-widget-container\">\n\t\t\t\t\t<h1 class=\"elementor-heading-title elementor-size-default\">Andrenplast<\/h1>\t\t\t\t<\/div>\n\t\t\t\t<\/div>\n\t\t\t\t<div class=\"elementor-element elementor-element-3ac9be09 elementor-widget elementor-widget-text-editor\" data-id=\"3ac9be09\" data-element_type=\"widget\" data-widget_type=\"text-editor.default\">\n\t\t\t\t<div class=\"elementor-widget-container\">\n\t\t\t\t\t\t\t\t\t<p>H\u00f6gre effektivitet och b\u00e4ttre ergonomi &#8211; tv\u00e5 mans arbete p\u00e5 betydligt kortare tid med Prilift Workstation.<\/p>\t\t\t\t\t\t\t\t<\/div>\n\t\t\t\t<\/div>\n\t\t\t\t\t<\/div>\n\t\t<\/div>\n\t\t\t\t\t<\/div>\n\t\t<\/section>\n\t\t\t\t<section class=\"elementor-section elementor-top-section elementor-element elementor-element-76ffc2f0 elementor-section-full_width elementor-section-height-default elementor-section-height-default\" data-id=\"76ffc2f0\" data-element_type=\"section\">\n\t\t\t\t\t\t<div class=\"elementor-container elementor-column-gap-default\">\n\t\t\t\t\t<div class=\"elementor-column elementor-col-50 elementor-top-column elementor-element elementor-element-74158a5b\" data-id=\"74158a5b\" data-element_type=\"column\">\n\t\t\t<div class=\"elementor-widget-wrap elementor-element-populated\">\n\t\t\t\t\t\t<section class=\"elementor-section elementor-inner-section elementor-element elementor-element-33d5606e elementor-section-height-min-height elementor-section-boxed elementor-section-height-default\" data-id=\"33d5606e\" data-element_type=\"section\" data-settings=\"{&quot;motion_fx_motion_fx_scrolling&quot;:&quot;yes&quot;,&quot;motion_fx_translateY_effect&quot;:&quot;yes&quot;,&quot;motion_fx_translateY_direction&quot;:&quot;negative&quot;,&quot;motion_fx_translateY_speed&quot;:{&quot;unit&quot;:&quot;px&quot;,&quot;size&quot;:&quot;1&quot;,&quot;sizes&quot;:[]},&quot;motion_fx_devices&quot;:[&quot;desktop&quot;],&quot;motion_fx_translateY_affectedRange&quot;:{&quot;unit&quot;:&quot;%&quot;,&quot;size&quot;:&quot;&quot;,&quot;sizes&quot;:{&quot;start&quot;:0,&quot;end&quot;:100}}}\">\n\t\t\t\t\t\t<div class=\"elementor-container elementor-column-gap-default\">\n\t\t\t\t\t<div class=\"elementor-column elementor-col-100 elementor-inner-column elementor-element elementor-element-3c4ebe3d\" data-id=\"3c4ebe3d\" data-element_type=\"column\">\n\t\t\t<div class=\"elementor-widget-wrap elementor-element-populated\">\n\t\t\t\t\t\t<div class=\"elementor-element elementor-element-443526bb no-margin elementor-widget elementor-widget-heading\" data-id=\"443526bb\" data-element_type=\"widget\" data-widget_type=\"heading.default\">\n\t\t\t\t<div class=\"elementor-widget-container\">\n\t\t\t\t\t<h2 class=\"elementor-heading-title elementor-size-default\">Andrenplast<\/h2>\t\t\t\t<\/div>\n\t\t\t\t<\/div>\n\t\t\t\t<div class=\"elementor-element elementor-element-676aac1 elementor-widget-divider--view-line elementor-widget elementor-widget-divider\" data-id=\"676aac1\" data-element_type=\"widget\" data-widget_type=\"divider.default\">\n\t\t\t\t<div class=\"elementor-widget-container\">\n\t\t\t\t\t\t\t<div class=\"elementor-divider\">\n\t\t\t<span class=\"elementor-divider-separator\">\n\t\t\t\t\t\t<\/span>\n\t\t<\/div>\n\t\t\t\t\t\t<\/div>\n\t\t\t\t<\/div>\n\t\t\t\t<div class=\"elementor-element elementor-element-7bc2902e elementor-widget elementor-widget-text-editor\" data-id=\"7bc2902e\" data-element_type=\"widget\" data-widget_type=\"text-editor.default\">\n\t\t\t\t<div class=\"elementor-widget-container\">\n\t\t\t\t\t\t\t\t\t<p><span style=\"font-size: 14px;\">K\u00e5porna f\u00f6r uppsamling av gr\u00e4s v\u00e4ger drygt femton kilo och det skulle beh\u00f6vas tv\u00e5 personer f\u00f6r att paketera dem. Med PRILIFT WORKSTATION klarar en man av det och p\u00e5 betydligt kortare tid. Investeringen som <\/span><a style=\"font-size: 14px; background-color: #ffffff;\" href=\"https:\/\/andrenplast.se\/\">Andrenplast<\/a><span style=\"font-size: 14px;\"> i G\u00f6teborg gjort \u00e4r dessutom ergonomiskt riktig.<\/span><\/p>\t\t\t\t\t\t\t\t<\/div>\n\t\t\t\t<\/div>\n\t\t\t\t\t<\/div>\n\t\t<\/div>\n\t\t\t\t\t<\/div>\n\t\t<\/section>\n\t\t\t\t\t<\/div>\n\t\t<\/div>\n\t\t\t\t<div class=\"elementor-column elementor-col-50 elementor-top-column elementor-element elementor-element-8d06364\" data-id=\"8d06364\" data-element_type=\"column\">\n\t\t\t<div class=\"elementor-widget-wrap elementor-element-populated\">\n\t\t\t\t\t\t<div class=\"elementor-element elementor-element-45328e5e elementor-widget elementor-widget-image\" data-id=\"45328e5e\" data-element_type=\"widget\" data-widget_type=\"image.default\">\n\t\t\t\t<div class=\"elementor-widget-container\">\n\t\t\t\t\t\t\t\t\t\t\t\t\t\t\t\t<a href=\"https:\/\/pritec.se\/wp-content\/uploads\/2020\/11\/DSC01114-1-scaled.jpg\" data-elementor-open-lightbox=\"no\">\n\t\t\t\t\t\t\t<img fetchpriority=\"high\" decoding=\"async\" width=\"1024\" height=\"660\" src=\"https:\/\/pritec.se\/wp-content\/uploads\/2020\/11\/DSC01114-1-1024x660.jpg\" class=\"attachment-large size-large wp-image-2286\" alt=\"\" srcset=\"https:\/\/pritec.se\/wp-content\/uploads\/2020\/11\/DSC01114-1-1024x660.jpg 1024w, https:\/\/pritec.se\/wp-content\/uploads\/2020\/11\/DSC01114-1-300x193.jpg 300w, https:\/\/pritec.se\/wp-content\/uploads\/2020\/11\/DSC01114-1-768x495.jpg 768w, https:\/\/pritec.se\/wp-content\/uploads\/2020\/11\/DSC01114-1-1536x990.jpg 1536w, https:\/\/pritec.se\/wp-content\/uploads\/2020\/11\/DSC01114-1-2048x1320.jpg 2048w\" sizes=\"(max-width: 1024px) 100vw, 1024px\" \/>\t\t\t\t\t\t\t\t<\/a>\n\t\t\t\t\t\t\t\t\t\t\t\t\t\t\t<\/div>\n\t\t\t\t<\/div>\n\t\t\t\t\t<\/div>\n\t\t<\/div>\n\t\t\t\t\t<\/div>\n\t\t<\/section>\n\t\t\t\t<section class=\"elementor-section elementor-top-section elementor-element elementor-element-1e289f7f elementor-section-full_width elementor-reverse-mobile elementor-section-height-default elementor-section-height-default\" data-id=\"1e289f7f\" data-element_type=\"section\">\n\t\t\t\t\t\t<div class=\"elementor-container elementor-column-gap-default\">\n\t\t\t\t\t<div class=\"elementor-column elementor-col-100 elementor-top-column elementor-element elementor-element-46cd461b\" data-id=\"46cd461b\" data-element_type=\"column\">\n\t\t\t<div class=\"elementor-widget-wrap elementor-element-populated\">\n\t\t\t\t\t\t<div class=\"elementor-element elementor-element-7f36204d elementor-widget-divider--view-line elementor-widget elementor-widget-divider\" data-id=\"7f36204d\" data-element_type=\"widget\" data-settings=\"{&quot;motion_fx_motion_fx_scrolling&quot;:&quot;yes&quot;,&quot;motion_fx_translateX_effect&quot;:&quot;yes&quot;,&quot;motion_fx_translateX_direction&quot;:&quot;negative&quot;,&quot;motion_fx_translateX_speed&quot;:{&quot;unit&quot;:&quot;px&quot;,&quot;size&quot;:&quot;0.5&quot;,&quot;sizes&quot;:[]},&quot;motion_fx_devices&quot;:[&quot;desktop&quot;,&quot;tablet&quot;],&quot;motion_fx_translateX_affectedRange&quot;:{&quot;unit&quot;:&quot;%&quot;,&quot;size&quot;:&quot;&quot;,&quot;sizes&quot;:{&quot;start&quot;:0,&quot;end&quot;:100}}}\" data-widget_type=\"divider.default\">\n\t\t\t\t<div class=\"elementor-widget-container\">\n\t\t\t\t\t\t\t<div class=\"elementor-divider\">\n\t\t\t<span class=\"elementor-divider-separator\">\n\t\t\t\t\t\t<\/span>\n\t\t<\/div>\n\t\t\t\t\t\t<\/div>\n\t\t\t\t<\/div>\n\t\t\t\t<div class=\"elementor-element elementor-element-c151c76 elementor-widget elementor-widget-text-editor\" data-id=\"c151c76\" data-element_type=\"widget\" data-widget_type=\"text-editor.default\">\n\t\t\t\t<div class=\"elementor-widget-container\">\n\t\t\t\t\t\t\t\t\t<p>\u2013 Det \u00e4r en oerh\u00f6rt effektiv l\u00f6sning som vi \u00e4r mycket n\u00f6jda med, s\u00e4ger Adnan Buljubasic som \u00e4r intern projektledare p\u00e5 <a href=\"https:\/\/andrenplast.se\/\">Andrenplast AB<\/a> i G\u00f6teborg. F\u00f6retaget grundades redan 1916 och tillverkade d\u00e5 bland annat v\u00e4skor i skinn. P\u00e5 1970-talet valde man att styra om pro-duktionen till vakuumformning av plastpro-dukter. I dag \u00e4r man cirka 130 anst\u00e4llda. \u2013 V\u00e5rt st\u00f6rsta omr\u00e5de \u00e4r tillverkning av vakuumformade plastkomponenter till for-donsindustrin, fr\u00e4mst till tyngre fordon som lastbilar och bussar, men \u00e4ven till husvag-nar. Vi tillverkar exempelvis paneler, lister och vindavvisare till Volvo Lastvagnar. I vissa fall \u00e4r det stora och tunga kom-ponenter som ska hanteras. S\u00e5 var det till exempel n\u00e4r f\u00f6retaget f\u00f6r snart ett \u00e5r sedan fick en order fr\u00e5n tillverkaren av skogs-och tr\u00e4dg\u00e5rdsprodukter, Husqvarna.<\/p>\t\t\t\t\t\t\t\t<\/div>\n\t\t\t\t<\/div>\n\t\t\t\t\t<\/div>\n\t\t<\/div>\n\t\t\t\t\t<\/div>\n\t\t<\/section>\n\t\t\t\t<section class=\"elementor-section elementor-top-section elementor-element elementor-element-2c9791fe elementor-section-full_width elementor-section-height-default elementor-section-height-default\" data-id=\"2c9791fe\" data-element_type=\"section\">\n\t\t\t\t\t\t<div class=\"elementor-container elementor-column-gap-default\">\n\t\t\t\t\t<div class=\"elementor-column elementor-col-50 elementor-top-column elementor-element elementor-element-53b81f36\" data-id=\"53b81f36\" data-element_type=\"column\">\n\t\t\t<div class=\"elementor-widget-wrap elementor-element-populated\">\n\t\t\t\t\t\t<section class=\"elementor-section elementor-inner-section elementor-element elementor-element-75103b59 elementor-section-height-min-height elementor-section-boxed elementor-section-height-default\" data-id=\"75103b59\" data-element_type=\"section\" data-settings=\"{&quot;motion_fx_motion_fx_scrolling&quot;:&quot;yes&quot;,&quot;motion_fx_translateY_effect&quot;:&quot;yes&quot;,&quot;motion_fx_translateY_direction&quot;:&quot;negative&quot;,&quot;motion_fx_translateY_speed&quot;:{&quot;unit&quot;:&quot;px&quot;,&quot;size&quot;:&quot;1&quot;,&quot;sizes&quot;:[]},&quot;motion_fx_devices&quot;:[&quot;desktop&quot;],&quot;motion_fx_translateY_affectedRange&quot;:{&quot;unit&quot;:&quot;%&quot;,&quot;size&quot;:&quot;&quot;,&quot;sizes&quot;:{&quot;start&quot;:0,&quot;end&quot;:100}}}\">\n\t\t\t\t\t\t<div class=\"elementor-container elementor-column-gap-default\">\n\t\t\t\t\t<div class=\"elementor-column elementor-col-100 elementor-inner-column elementor-element elementor-element-143f6f5\" data-id=\"143f6f5\" data-element_type=\"column\">\n\t\t\t<div class=\"elementor-widget-wrap elementor-element-populated\">\n\t\t\t\t\t\t<div class=\"elementor-element elementor-element-3142fae no-margin elementor-widget elementor-widget-heading\" data-id=\"3142fae\" data-element_type=\"widget\" data-widget_type=\"heading.default\">\n\t\t\t\t<div class=\"elementor-widget-container\">\n\t\t\t\t\t<h3 class=\"elementor-heading-title elementor-size-default\">Ville effektivisera<\/h3>\t\t\t\t<\/div>\n\t\t\t\t<\/div>\n\t\t\t\t<div class=\"elementor-element elementor-element-7fce7978 elementor-widget elementor-widget-text-editor\" data-id=\"7fce7978\" data-element_type=\"widget\" data-widget_type=\"text-editor.default\">\n\t\t\t\t<div class=\"elementor-widget-container\">\n\t\t\t\t\t\t\t\t\t<p>\u2013 Vi skulle tillverka k\u00e5porna till uppsamlaren p\u00e5 deras gr\u00e4sklippare. Vi har diskuterat effektiviseringar inom f\u00f6retaget och har tidigare haft kontakt med Pritec och k\u00e4nde till deras produkter. Nu b\u00f6rjade vi p\u00e5 allvar diskutera en l\u00f6sning f\u00f6r paketering av k\u00e5-porna. De kom med f\u00f6rslag och l\u00e4mnade offert, ber\u00e4ttar Adnan. L\u00f6sningen blev en flexibel vakuumlyft som st\u00e5r p\u00e5 ett betongfundament och enkelt kan flyttas med en truck. \u2013 K\u00e5porna \u00e4r ganska tunga, de v\u00e4ger drygt femton kilo n\u00e4r de \u00e4r f\u00e4rdigmontera-de och ska flyttas fr\u00e5n monteringsfixturen till l\u00e5dan f\u00f6r paketering. K\u00e5porna \u00e4r dessut-om s\u00e5 stora att det \u00e4r n\u00e4st intill om\u00f6jligt f\u00f6r en person att lyfta ned dem. I s\u00e5 fall m\u00e5ste mont\u00f6ren tillkalla hj\u00e4lp fr\u00e5n truckf\u00f6rare eller n\u00e5gon annan i n\u00e4rheten.\u00a0<\/p>\t\t\t\t\t\t\t\t<\/div>\n\t\t\t\t<\/div>\n\t\t\t\t\t<\/div>\n\t\t<\/div>\n\t\t\t\t\t<\/div>\n\t\t<\/section>\n\t\t\t\t\t<\/div>\n\t\t<\/div>\n\t\t\t\t<div class=\"elementor-column elementor-col-50 elementor-top-column elementor-element elementor-element-4ae5c648\" data-id=\"4ae5c648\" data-element_type=\"column\">\n\t\t\t<div class=\"elementor-widget-wrap elementor-element-populated\">\n\t\t\t\t\t\t<div class=\"elementor-element elementor-element-1e102477 elementor-widget elementor-widget-image\" data-id=\"1e102477\" data-element_type=\"widget\" data-widget_type=\"image.default\">\n\t\t\t\t<div class=\"elementor-widget-container\">\n\t\t\t\t\t\t\t\t\t\t\t\t\t\t\t\t<a href=\"https:\/\/pritec.se\/wp-content\/uploads\/2020\/11\/andrenplast_ab.jpg\" data-elementor-open-lightbox=\"no\">\n\t\t\t\t\t\t\t<img decoding=\"async\" width=\"412\" height=\"224\" src=\"https:\/\/pritec.se\/wp-content\/uploads\/2020\/11\/andrenplast_ab.jpg\" class=\"attachment-large size-large wp-image-2288\" alt=\"\" srcset=\"https:\/\/pritec.se\/wp-content\/uploads\/2020\/11\/andrenplast_ab.jpg 412w, https:\/\/pritec.se\/wp-content\/uploads\/2020\/11\/andrenplast_ab-300x163.jpg 300w\" sizes=\"(max-width: 412px) 100vw, 412px\" \/>\t\t\t\t\t\t\t\t<\/a>\n\t\t\t\t\t\t\t\t\t\t\t\t\t\t\t<\/div>\n\t\t\t\t<\/div>\n\t\t\t\t\t<\/div>\n\t\t<\/div>\n\t\t\t\t\t<\/div>\n\t\t<\/section>\n\t\t\t\t<section class=\"elementor-section elementor-top-section elementor-element elementor-element-5f3cfdb elementor-section-full_width elementor-reverse-mobile elementor-section-height-default elementor-section-height-default\" data-id=\"5f3cfdb\" data-element_type=\"section\">\n\t\t\t\t\t\t<div class=\"elementor-container elementor-column-gap-default\">\n\t\t\t\t\t<div class=\"elementor-column elementor-col-100 elementor-top-column elementor-element elementor-element-96ec26a\" data-id=\"96ec26a\" data-element_type=\"column\">\n\t\t\t<div class=\"elementor-widget-wrap elementor-element-populated\">\n\t\t\t\t\t\t<div class=\"elementor-element elementor-element-011c419 elementor-widget-divider--view-line elementor-widget elementor-widget-divider\" data-id=\"011c419\" data-element_type=\"widget\" data-settings=\"{&quot;motion_fx_motion_fx_scrolling&quot;:&quot;yes&quot;,&quot;motion_fx_translateX_effect&quot;:&quot;yes&quot;,&quot;motion_fx_translateX_direction&quot;:&quot;negative&quot;,&quot;motion_fx_translateX_speed&quot;:{&quot;unit&quot;:&quot;px&quot;,&quot;size&quot;:&quot;0.5&quot;,&quot;sizes&quot;:[]},&quot;motion_fx_devices&quot;:[&quot;desktop&quot;,&quot;tablet&quot;],&quot;motion_fx_translateX_affectedRange&quot;:{&quot;unit&quot;:&quot;%&quot;,&quot;size&quot;:&quot;&quot;,&quot;sizes&quot;:{&quot;start&quot;:0,&quot;end&quot;:100}}}\" data-widget_type=\"divider.default\">\n\t\t\t\t<div class=\"elementor-widget-container\">\n\t\t\t\t\t\t\t<div class=\"elementor-divider\">\n\t\t\t<span class=\"elementor-divider-separator\">\n\t\t\t\t\t\t<\/span>\n\t\t<\/div>\n\t\t\t\t\t\t<\/div>\n\t\t\t\t<\/div>\n\t\t\t\t<div class=\"elementor-element elementor-element-e8cde7e no-margin elementor-widget elementor-widget-heading\" data-id=\"e8cde7e\" data-element_type=\"widget\" data-widget_type=\"heading.default\">\n\t\t\t\t<div class=\"elementor-widget-container\">\n\t\t\t\t\t<h3 class=\"elementor-heading-title elementor-size-default\">Klart p\u00e5 en halv minut<\/h3>\t\t\t\t<\/div>\n\t\t\t\t<\/div>\n\t\t\t\t<div class=\"elementor-element elementor-element-947cfa0 elementor-widget elementor-widget-text-editor\" data-id=\"947cfa0\" data-element_type=\"widget\" data-widget_type=\"text-editor.default\">\n\t\t\t\t<div class=\"elementor-widget-container\">\n\t\t\t\t\t\t\t\t\t<p>\u2013 Med PRILIFT WORKSTATION kommer vi ifr\u00e5n det problemet eftersom mont\u00f6ren klarar momentet med vakuumlyften. Tv\u00e5 sugkoppar f\u00e4ster i detaljen och flyttar den till l\u00e5dan. Ett moment som tar kanske en halv minut. Utan vakuumlyften skulle det beh\u00f6vts tv\u00e5 man och det hade tagit cirka tv\u00e5 minuter att utf\u00f6ra momentet. Eftersom vi k\u00f6r tv\u00e5skift och producerar cirka 40 k\u00e5-por om dagen s\u00e5 f\u00f6rst\u00e5r man att det blir mycket effektivare \u00e4n att g\u00f6ra det manuellt. Vakuumlyften drivs av luft och konstruktio-nen i sig \u00e4r ganska enkel, vilket g\u00f6r att den \u00e4r drifts\u00e4ker och det finns inte n\u00e5got st\u00f6rre underh\u00e5llsbehov. Sedan \u00e4r vi sj\u00e4lvklart gla-da \u00f6ver att maskinen bidrar till en ergono-miskt b\u00e4ttre arbetsmilj\u00f6. Dessutom \u00e4r den flexibel och kan enkelt flyttas till andra delar av produktionen. Det enda vi d\u00e5 beh\u00f6ver g\u00f6ra \u00e4r att byta sugkoppar, s\u00e4ger Adnan. Han ber\u00e4ttar att f\u00f6retaget \u00e4r s\u00e5 n\u00f6jda med l\u00f6sningen att de nu funderar att k\u00f6pa in ytterligare en vakuumlyft fr\u00e5n Pritec som ska anv\u00e4ndas till att paketera vindavvisare till lastbilar. \u2013 Det \u00e4r en 2,4 meter l\u00e5ng produkt som v\u00e4ger runt tjugo kilo och en maskin kan \u00e4ven d\u00e4r ers\u00e4tta en personal n\u00e4r den ska paketeras.<\/p>\t\t\t\t\t\t\t\t<\/div>\n\t\t\t\t<\/div>\n\t\t\t\t\t<\/div>\n\t\t<\/div>\n\t\t\t\t\t<\/div>\n\t\t<\/section>\n\t\t\t\t<\/div>","protected":false},"excerpt":{"rendered":"<p>Andrenplast H\u00f6gre effektivitet och b\u00e4ttre ergonomi &#8211; tv\u00e5 mans arbete p\u00e5 betydligt kortare tid med Prilift Workstation. Andrenplast K\u00e5porna f\u00f6r uppsamling av gr\u00e4s v\u00e4ger drygt femton kilo och det skulle beh\u00f6vas tv\u00e5 personer f\u00f6r att paketera dem. Med PRILIFT WORKSTATION klarar en man av det och p\u00e5 betydligt kortare tid. Investeringen som Andrenplast i G\u00f6teborg [&hellip;]<\/p>","protected":false},"author":1,"featured_media":0,"parent":0,"menu_order":0,"comment_status":"closed","ping_status":"closed","template":"","meta":{"ocean_post_layout":"","ocean_both_sidebars_style":"","ocean_both_sidebars_content_width":0,"ocean_both_sidebars_sidebars_width":0,"ocean_sidebar":"0","ocean_second_sidebar":"0","ocean_disable_margins":"enable","ocean_add_body_class":"","ocean_shortcode_before_top_bar":"","ocean_shortcode_after_top_bar":"","ocean_shortcode_before_header":"","ocean_shortcode_after_header":"","ocean_has_shortcode":"","ocean_shortcode_after_title":"","ocean_shortcode_before_footer_widgets":"","ocean_shortcode_after_footer_widgets":"","ocean_shortcode_before_footer_bottom":"","ocean_shortcode_after_footer_bottom":"","ocean_display_top_bar":"default","ocean_display_header":"default","ocean_header_style":"","ocean_center_header_left_menu":"0","ocean_custom_header_template":"0","ocean_custom_logo":0,"ocean_custom_retina_logo":0,"ocean_custom_logo_max_width":0,"ocean_custom_logo_tablet_max_width":0,"ocean_custom_logo_mobile_max_width":0,"ocean_custom_logo_max_height":0,"ocean_custom_logo_tablet_max_height":0,"ocean_custom_logo_mobile_max_height":0,"ocean_header_custom_menu":"0","ocean_menu_typo_font_family":"0","ocean_menu_typo_font_subset":"","ocean_menu_typo_font_size":0,"ocean_menu_typo_font_size_tablet":0,"ocean_menu_typo_font_size_mobile":0,"ocean_menu_typo_font_size_unit":"px","ocean_menu_typo_font_weight":"","ocean_menu_typo_font_weight_tablet":"","ocean_menu_typo_font_weight_mobile":"","ocean_menu_typo_transform":"","ocean_menu_typo_transform_tablet":"","ocean_menu_typo_transform_mobile":"","ocean_menu_typo_line_height":0,"ocean_menu_typo_line_height_tablet":0,"ocean_menu_typo_line_height_mobile":0,"ocean_menu_typo_line_height_unit":"","ocean_menu_typo_spacing":0,"ocean_menu_typo_spacing_tablet":0,"ocean_menu_typo_spacing_mobile":0,"ocean_menu_typo_spacing_unit":"","ocean_menu_link_color":"","ocean_menu_link_color_hover":"","ocean_menu_link_color_active":"","ocean_menu_link_background":"","ocean_menu_link_hover_background":"","ocean_menu_link_active_background":"","ocean_menu_social_links_bg":"","ocean_menu_social_hover_links_bg":"","ocean_menu_social_links_color":"","ocean_menu_social_hover_links_color":"","ocean_disable_title":"on","ocean_disable_heading":"default","ocean_post_title":"","ocean_post_subheading":"","ocean_post_title_style":"","ocean_post_title_background_color":"","ocean_post_title_background":0,"ocean_post_title_bg_image_position":"","ocean_post_title_bg_image_attachment":"","ocean_post_title_bg_image_repeat":"","ocean_post_title_bg_image_size":"","ocean_post_title_height":0,"ocean_post_title_bg_overlay":0.5,"ocean_post_title_bg_overlay_color":"","ocean_disable_breadcrumbs":"off","ocean_breadcrumbs_color":"","ocean_breadcrumbs_separator_color":"","ocean_breadcrumbs_links_color":"","ocean_breadcrumbs_links_hover_color":"","ocean_display_footer_widgets":"default","ocean_display_footer_bottom":"default","ocean_custom_footer_template":"0","osh_disable_topbar_sticky":"default","osh_disable_header_sticky":"default","osh_sticky_header_style":"default","osh_sticky_header_effect":"","osh_custom_sticky_logo":0,"osh_custom_retina_sticky_logo":0,"osh_custom_sticky_logo_height":0,"osh_background_color":"","osh_links_color":"","osh_links_hover_color":"","osh_links_active_color":"","osh_links_bg_color":"","osh_links_hover_bg_color":"","osh_links_active_bg_color":"","osh_menu_social_links_color":"","osh_menu_social_hover_links_color":"","footnotes":""},"class_list":["post-2454","page","type-page","status-publish","hentry","entry"],"_links":{"self":[{"href":"https:\/\/pritec.se\/en\/wp-json\/wp\/v2\/pages\/2454","targetHints":{"allow":["GET"]}}],"collection":[{"href":"https:\/\/pritec.se\/en\/wp-json\/wp\/v2\/pages"}],"about":[{"href":"https:\/\/pritec.se\/en\/wp-json\/wp\/v2\/types\/page"}],"author":[{"embeddable":true,"href":"https:\/\/pritec.se\/en\/wp-json\/wp\/v2\/users\/1"}],"replies":[{"embeddable":true,"href":"https:\/\/pritec.se\/en\/wp-json\/wp\/v2\/comments?post=2454"}],"version-history":[{"count":77,"href":"https:\/\/pritec.se\/en\/wp-json\/wp\/v2\/pages\/2454\/revisions"}],"predecessor-version":[{"id":3233,"href":"https:\/\/pritec.se\/en\/wp-json\/wp\/v2\/pages\/2454\/revisions\/3233"}],"wp:attachment":[{"href":"https:\/\/pritec.se\/en\/wp-json\/wp\/v2\/media?parent=2454"}],"curies":[{"name":"wp","href":"https:\/\/api.w.org\/{rel}","templated":true}]}}