{"id":3017,"date":"2020-11-23T00:24:47","date_gmt":"2020-11-22T23:24:47","guid":{"rendered":"http:\/\/pritec.se\/?page_id=3017"},"modified":"2024-02-07T11:42:06","modified_gmt":"2024-02-07T10:42:06","slug":"mekanik-och-smide","status":"publish","type":"page","link":"https:\/\/pritec.se\/en\/mechanics-and-forging\/","title":{"rendered":"Mechanics &amp; Forging"},"content":{"rendered":"<h1>Mechanics &amp; Forging<\/h1>\n<p>Construction forging, steel structures, service and repair. We fix most things.<\/p>\n<h2>Pritec Mekanik &#038; Smide<\/h2>\n<p>Railing to funeral home. We manufacture railings and stairs for castles and villas.<\/p>\n<p><a href=\"http:\/\/pritec.se\/wp-content\/uploads\/2020\/11\/kba-begr.byra\u030a3-rotated.jpg\" data-elementor-open-lightbox=\"no\"><br \/>\n<img loading=\"lazy\" decoding=\"async\" width=\"480\" height=\"640\" src=\"http:\/\/pritec.se\/wp-content\/uploads\/2020\/11\/kba-begr.byra\u030a3-rotated.jpg\" alt=\"\" srcset=\"http:\/\/pritec.se\/wp-content\/uploads\/2020\/11\/kba-begr.byra\u030a3-rotated.jpg 480w, http:\/\/pritec.se\/wp-content\/uploads\/2020\/11\/kba-begr.byra\u030a3-225x300.jpg 225w, http:\/\/pritec.se\/wp-content\/uploads\/2020\/11\/kba-begr.byra\u030a3-9x12.jpg 9w\" sizes=\"auto, (max-width: 480px) 100vw, 480px\" \/>\t\t\t\t\t\t\t\t<\/a><br \/>\n<a href=\"http:\/\/pritec.se\/wp-content\/uploads\/2020\/11\/20200922_151406-scaled.jpg\" data-elementor-open-lightbox=\"no\"><br \/>\n<img loading=\"lazy\" decoding=\"async\" width=\"2560\" height=\"1920\" src=\"http:\/\/pritec.se\/wp-content\/uploads\/2020\/11\/20200922_151406-scaled.jpg\" alt=\"\" srcset=\"http:\/\/pritec.se\/wp-content\/uploads\/2020\/11\/20200922_151406-scaled.jpg 2560w, http:\/\/pritec.se\/wp-content\/uploads\/2020\/11\/20200922_151406-300x225.jpg 300w, http:\/\/pritec.se\/wp-content\/uploads\/2020\/11\/20200922_151406-1024x768.jpg 1024w, http:\/\/pritec.se\/wp-content\/uploads\/2020\/11\/20200922_151406-768x576.jpg 768w, http:\/\/pritec.se\/wp-content\/uploads\/2020\/11\/20200922_151406-1536x1152.jpg 1536w, http:\/\/pritec.se\/wp-content\/uploads\/2020\/11\/20200922_151406-2048x1536.jpg 2048w, http:\/\/pritec.se\/wp-content\/uploads\/2020\/11\/20200922_151406-16x12.jpg 16w\" sizes=\"auto, (max-width: 2560px) 100vw, 2560px\" \/>\t\t\t\t\t\t\t\t<\/a><\/p>\n<p>Boat cradles for boats up to 12ton is one of our specialties. Smart solution for winter storage of boats in ports and moorings.<\/p>\n<p>In our welding robot, we manufacture anchor pipes for scaffolding, among other things. Modern equipment in the workshop = good prices and high quality.<\/p>\n<p><a href=\"http:\/\/pritec.se\/wp-content\/uploads\/2020\/12\/Fo\u0308rankringsro\u0308r-sta\u0308llningar-scaled.jpg\" data-elementor-open-lightbox=\"no\"><br \/>\n<img loading=\"lazy\" decoding=\"async\" width=\"2560\" height=\"1983\" src=\"http:\/\/pritec.se\/wp-content\/uploads\/2020\/12\/Fo\u0308rankringsro\u0308r-sta\u0308llningar-scaled.jpg\" alt=\"\" srcset=\"http:\/\/pritec.se\/wp-content\/uploads\/2020\/12\/Fo\u0308rankringsro\u0308r-sta\u0308llningar-scaled.jpg 2560w, http:\/\/pritec.se\/wp-content\/uploads\/2020\/12\/Fo\u0308rankringsro\u0308r-sta\u0308llningar-300x232.jpg 300w, http:\/\/pritec.se\/wp-content\/uploads\/2020\/12\/Fo\u0308rankringsro\u0308r-sta\u0308llningar-1024x793.jpg 1024w, http:\/\/pritec.se\/wp-content\/uploads\/2020\/12\/Fo\u0308rankringsro\u0308r-sta\u0308llningar-768x595.jpg 768w, http:\/\/pritec.se\/wp-content\/uploads\/2020\/12\/Fo\u0308rankringsro\u0308r-sta\u0308llningar-1536x1190.jpg 1536w, http:\/\/pritec.se\/wp-content\/uploads\/2020\/12\/Fo\u0308rankringsro\u0308r-sta\u0308llningar-2048x1586.jpg 2048w, http:\/\/pritec.se\/wp-content\/uploads\/2020\/12\/Fo\u0308rankringsro\u0308r-sta\u0308llningar-16x12.jpg 16w\" sizes=\"auto, (max-width: 2560px) 100vw, 2560px\" \/>\t\t\t\t\t\t\t\t<\/a><\/p>\n<h2>We are certified<\/h2>\n<p><a href=\"http:\/\/pritec.se\/wp-content\/uploads\/2020\/11\/LOGGA_14001_9001_3834-4_1090-1.png\" data-elementor-open-lightbox=\"yes\" data-elementor-lightbox-title=\"LOGGA_14001_9001_3834-4_1090-1\"><br \/>\n<img loading=\"lazy\" decoding=\"async\" width=\"2705\" height=\"660\" src=\"http:\/\/pritec.se\/wp-content\/uploads\/2020\/11\/LOGGA_14001_9001_3834-4_1090-1.png\" alt=\"\" srcset=\"http:\/\/pritec.se\/wp-content\/uploads\/2020\/11\/LOGGA_14001_9001_3834-4_1090-1.png 2705w, http:\/\/pritec.se\/wp-content\/uploads\/2020\/11\/LOGGA_14001_9001_3834-4_1090-1-300x73.png 300w, http:\/\/pritec.se\/wp-content\/uploads\/2020\/11\/LOGGA_14001_9001_3834-4_1090-1-1024x250.png 1024w, http:\/\/pritec.se\/wp-content\/uploads\/2020\/11\/LOGGA_14001_9001_3834-4_1090-1-768x187.png 768w, http:\/\/pritec.se\/wp-content\/uploads\/2020\/11\/LOGGA_14001_9001_3834-4_1090-1-1536x375.png 1536w, http:\/\/pritec.se\/wp-content\/uploads\/2020\/11\/LOGGA_14001_9001_3834-4_1090-1-2048x500.png 2048w, http:\/\/pritec.se\/wp-content\/uploads\/2020\/11\/LOGGA_14001_9001_3834-4_1090-1-16x4.png 16w\" sizes=\"auto, (max-width: 2705px) 100vw, 2705px\" \/>\t\t\t\t\t\t\t\t<\/a><\/p>","protected":false},"excerpt":{"rendered":"<p>Mekanik &#038; Smide Byggsmide, st\u00e5lkonstruktioner, service och reparation. Vi fixar det mesta. Pritec Mekanik &#038; Smide R\u00e4cke till begravnings byr\u00e5. Vi tillverkar r\u00e4cken och trappor till slott och villa. B\u00e5t vaggor f\u00f6r b\u00e5tar upp till 12ton \u00e4r en av v\u00e5ra specialiteter. Smart l\u00f6sning f\u00f6r vinterf\u00f6rvaring av b\u00e5tar i hamnar och uppst\u00e4llningsplatser. I v\u00e5r svetsrobot tillverkar [&hellip;]<\/p>","protected":false},"author":1,"featured_media":0,"parent":0,"menu_order":0,"comment_status":"closed","ping_status":"closed","template":"","meta":{"ocean_post_layout":"","ocean_both_sidebars_style":"","ocean_both_sidebars_content_width":0,"ocean_both_sidebars_sidebars_width":0,"ocean_sidebar":"0","ocean_second_sidebar":"0","ocean_disable_margins":"enable","ocean_add_body_class":"","ocean_shortcode_before_top_bar":"","ocean_shortcode_after_top_bar":"","ocean_shortcode_before_header":"","ocean_shortcode_after_header":"","ocean_has_shortcode":"","ocean_shortcode_after_title":"","ocean_shortcode_before_footer_widgets":"","ocean_shortcode_after_footer_widgets":"","ocean_shortcode_before_footer_bottom":"","ocean_shortcode_after_footer_bottom":"","ocean_display_top_bar":"default","ocean_display_header":"default","ocean_header_style":"","ocean_center_header_left_menu":"0","ocean_custom_header_template":"0","ocean_custom_logo":0,"ocean_custom_retina_logo":0,"ocean_custom_logo_max_width":0,"ocean_custom_logo_tablet_max_width":0,"ocean_custom_logo_mobile_max_width":0,"ocean_custom_logo_max_height":0,"ocean_custom_logo_tablet_max_height":0,"ocean_custom_logo_mobile_max_height":0,"ocean_header_custom_menu":"0","ocean_menu_typo_font_family":"0","ocean_menu_typo_font_subset":"","ocean_menu_typo_font_size":0,"ocean_menu_typo_font_size_tablet":0,"ocean_menu_typo_font_size_mobile":0,"ocean_menu_typo_font_size_unit":"px","ocean_menu_typo_font_weight":"","ocean_menu_typo_font_weight_tablet":"","ocean_menu_typo_font_weight_mobile":"","ocean_menu_typo_transform":"","ocean_menu_typo_transform_tablet":"","ocean_menu_typo_transform_mobile":"","ocean_menu_typo_line_height":0,"ocean_menu_typo_line_height_tablet":0,"ocean_menu_typo_line_height_mobile":0,"ocean_menu_typo_line_height_unit":"","ocean_menu_typo_spacing":0,"ocean_menu_typo_spacing_tablet":0,"ocean_menu_typo_spacing_mobile":0,"ocean_menu_typo_spacing_unit":"","ocean_menu_link_color":"","ocean_menu_link_color_hover":"","ocean_menu_link_color_active":"","ocean_menu_link_background":"","ocean_menu_link_hover_background":"","ocean_menu_link_active_background":"","ocean_menu_social_links_bg":"","ocean_menu_social_hover_links_bg":"","ocean_menu_social_links_color":"","ocean_menu_social_hover_links_color":"","ocean_disable_title":"on","ocean_disable_heading":"default","ocean_post_title":"","ocean_post_subheading":"","ocean_post_title_style":"","ocean_post_title_background_color":"","ocean_post_title_background":0,"ocean_post_title_bg_image_position":"","ocean_post_title_bg_image_attachment":"","ocean_post_title_bg_image_repeat":"","ocean_post_title_bg_image_size":"","ocean_post_title_height":0,"ocean_post_title_bg_overlay":0.5,"ocean_post_title_bg_overlay_color":"","ocean_disable_breadcrumbs":"off","ocean_breadcrumbs_color":"","ocean_breadcrumbs_separator_color":"","ocean_breadcrumbs_links_color":"","ocean_breadcrumbs_links_hover_color":"","ocean_display_footer_widgets":"default","ocean_display_footer_bottom":"default","ocean_custom_footer_template":"0","osh_disable_topbar_sticky":"default","osh_disable_header_sticky":"default","osh_sticky_header_style":"default","osh_sticky_header_effect":"","osh_custom_sticky_logo":0,"osh_custom_retina_sticky_logo":0,"osh_custom_sticky_logo_height":0,"osh_background_color":"","osh_links_color":"","osh_links_hover_color":"","osh_links_active_color":"","osh_links_bg_color":"","osh_links_hover_bg_color":"","osh_links_active_bg_color":"","osh_menu_social_links_color":"","osh_menu_social_hover_links_color":"","footnotes":""},"class_list":["post-3017","page","type-page","status-publish","hentry","entry"],"_links":{"self":[{"href":"https:\/\/pritec.se\/en\/wp-json\/wp\/v2\/pages\/3017","targetHints":{"allow":["GET"]}}],"collection":[{"href":"https:\/\/pritec.se\/en\/wp-json\/wp\/v2\/pages"}],"about":[{"href":"https:\/\/pritec.se\/en\/wp-json\/wp\/v2\/types\/page"}],"author":[{"embeddable":true,"href":"https:\/\/pritec.se\/en\/wp-json\/wp\/v2\/users\/1"}],"replies":[{"embeddable":true,"href":"https:\/\/pritec.se\/en\/wp-json\/wp\/v2\/comments?post=3017"}],"version-history":[{"count":8,"href":"https:\/\/pritec.se\/en\/wp-json\/wp\/v2\/pages\/3017\/revisions"}],"predecessor-version":[{"id":3621,"href":"https:\/\/pritec.se\/en\/wp-json\/wp\/v2\/pages\/3017\/revisions\/3621"}],"wp:attachment":[{"href":"https:\/\/pritec.se\/en\/wp-json\/wp\/v2\/media?parent=3017"}],"curies":[{"name":"wp","href":"https:\/\/api.w.org\/{rel}","templated":true}]}}