{"id":3510,"date":"2023-10-30T00:29:19","date_gmt":"2023-10-29T23:29:19","guid":{"rendered":"https:\/\/pritec.se\/?page_id=3510"},"modified":"2023-12-18T11:24:20","modified_gmt":"2023-12-18T10:24:20","slug":"prilift-easyhand-m","status":"publish","type":"page","link":"https:\/\/pritec.se\/en\/prilift-easyhand-m\/","title":{"rendered":"Prilift Easyhand M\u2122"},"content":{"rendered":"<div data-elementor-type=\"wp-page\" data-elementor-id=\"3510\" class=\"elementor elementor-3510\" data-elementor-post-type=\"page\">\n\t\t\t\t\t\t<section class=\"elementor-section elementor-top-section elementor-element elementor-element-6fddef44 elementor-section-height-min-height elementor-section-full_width elementor-section-items-bottom elementor-section-height-default\" data-id=\"6fddef44\" data-element_type=\"section\" data-settings=\"{&quot;background_background&quot;:&quot;classic&quot;,&quot;animation&quot;:&quot;none&quot;}\">\n\t\t\t\t\t\t<div class=\"elementor-container elementor-column-gap-default\">\n\t\t\t\t\t<div class=\"elementor-column elementor-col-50 elementor-top-column elementor-element elementor-element-45be5a7c hide-tablet-mobile\" data-id=\"45be5a7c\" data-element_type=\"column\">\n\t\t\t<div class=\"elementor-widget-wrap\">\n\t\t\t\t\t\t\t<\/div>\n\t\t<\/div>\n\t\t\t\t<div class=\"elementor-column elementor-col-50 elementor-top-column elementor-element elementor-element-27459b99\" data-id=\"27459b99\" data-element_type=\"column\" data-settings=\"{&quot;background_background&quot;:&quot;gradient&quot;}\">\n\t\t\t<div class=\"elementor-widget-wrap elementor-element-populated\">\n\t\t\t\t\t\t<div class=\"elementor-element elementor-element-334494b4 no-margin elementor-widget elementor-widget-heading\" data-id=\"334494b4\" data-element_type=\"widget\" data-widget_type=\"heading.default\">\n\t\t\t\t<div class=\"elementor-widget-container\">\n\t\t\t\t\t<h1 class=\"elementor-heading-title elementor-size-default\">EASYHAND M\u2122\n<\/h1>\t\t\t\t<\/div>\n\t\t\t\t<\/div>\n\t\t\t\t<div class=\"elementor-element elementor-element-3222fe1f elementor-widget elementor-widget-text-editor\" data-id=\"3222fe1f\" data-element_type=\"widget\" data-widget_type=\"text-editor.default\">\n\t\t\t\t<div class=\"elementor-widget-container\">\n\t\t\t\t\t\t\t\t\t<p class=\"_title mt-6 lg:mt-0 text-sm lg:text-base font-bold uppercase\">Flexible vacuum lifter with modular design<\/p>\t\t\t\t\t\t\t\t<\/div>\n\t\t\t\t<\/div>\n\t\t\t\t\t<\/div>\n\t\t<\/div>\n\t\t\t\t\t<\/div>\n\t\t<\/section>\n\t\t\t\t<section class=\"elementor-section elementor-top-section elementor-element elementor-element-56f80328 elementor-section-boxed elementor-section-height-default elementor-section-height-default\" data-id=\"56f80328\" data-element_type=\"section\">\n\t\t\t\t\t\t<div class=\"elementor-container elementor-column-gap-no\">\n\t\t\t\t\t<div class=\"elementor-column elementor-col-100 elementor-top-column elementor-element elementor-element-2a07c330\" data-id=\"2a07c330\" data-element_type=\"column\">\n\t\t\t<div class=\"elementor-widget-wrap elementor-element-populated\">\n\t\t\t\t\t\t<div class=\"elementor-element elementor-element-140fde63 elementor-widget elementor-widget-image\" data-id=\"140fde63\" data-element_type=\"widget\" data-widget_type=\"image.default\">\n\t\t\t\t<div class=\"elementor-widget-container\">\n\t\t\t\t\t\t\t\t\t\t\t\t\t\t\t<img fetchpriority=\"high\" decoding=\"async\" width=\"700\" height=\"467\" src=\"https:\/\/pritec.se\/wp-content\/uploads\/2023\/11\/originaleasyhand_m-RED.png\" class=\"attachment-large size-large wp-image-3568\" alt=\"\" srcset=\"https:\/\/pritec.se\/wp-content\/uploads\/2023\/11\/originaleasyhand_m-RED.png 700w, https:\/\/pritec.se\/wp-content\/uploads\/2023\/11\/originaleasyhand_m-RED-300x200.png 300w, https:\/\/pritec.se\/wp-content\/uploads\/2023\/11\/originaleasyhand_m-RED-18x12.png 18w\" sizes=\"(max-width: 700px) 100vw, 700px\" \/>\t\t\t\t\t\t\t\t\t\t\t\t\t\t\t<\/div>\n\t\t\t\t<\/div>\n\t\t\t\t\t<\/div>\n\t\t<\/div>\n\t\t\t\t\t<\/div>\n\t\t<\/section>\n\t\t\t\t<section class=\"elementor-section elementor-top-section elementor-element elementor-element-51b3e724 elementor-section-boxed elementor-section-height-default elementor-section-height-default\" data-id=\"51b3e724\" data-element_type=\"section\">\n\t\t\t\t\t\t<div class=\"elementor-container elementor-column-gap-no\">\n\t\t\t\t\t<div class=\"elementor-column elementor-col-100 elementor-top-column elementor-element elementor-element-6eab92ec\" data-id=\"6eab92ec\" data-element_type=\"column\">\n\t\t\t<div class=\"elementor-widget-wrap elementor-element-populated\">\n\t\t\t\t\t\t<div class=\"elementor-element elementor-element-3b2138ff no-margin elementor-widget elementor-widget-heading\" data-id=\"3b2138ff\" data-element_type=\"widget\" data-widget_type=\"heading.default\">\n\t\t\t\t<div class=\"elementor-widget-container\">\n\t\t\t\t\t<h2 class=\"elementor-heading-title elementor-size-default\">EASYHAND M\u2122\n<\/h2>\t\t\t\t<\/div>\n\t\t\t\t<\/div>\n\t\t\t\t<div class=\"elementor-element elementor-element-2b14fdcc elementor-widget-divider--view-line elementor-widget elementor-widget-divider\" data-id=\"2b14fdcc\" data-element_type=\"widget\" data-widget_type=\"divider.default\">\n\t\t\t\t<div class=\"elementor-widget-container\">\n\t\t\t\t\t\t\t<div class=\"elementor-divider\">\n\t\t\t<span class=\"elementor-divider-separator\">\n\t\t\t\t\t\t<\/span>\n\t\t<\/div>\n\t\t\t\t\t\t<\/div>\n\t\t\t\t<\/div>\n\t\t\t\t<div class=\"elementor-element elementor-element-7ff654c2 elementor-widget elementor-widget-text-editor\" data-id=\"7ff654c2\" data-element_type=\"widget\" data-widget_type=\"text-editor.default\">\n\t\t\t\t<div class=\"elementor-widget-container\">\n\t\t\t\t\t\t\t\t\t<p>Easyhand M\u2122 \u2013 for flexible handling of loads up to 50 kg. With its modular design, Easyhand M\u2122 makes it easy and convenient to handle everything from sacks and cartons to sheet materials like glass and panels.<\/p><p>The control handle is available in two convenient versions: a straight handle for easy control above the lifting object, and an extended handle for smooth control from a distance from the load. With the controls on the control handle, you can easily adjust the lifter's resting position vertically, whether you have a load or not.<\/p><p>The correct balance setting also allows you to release the control handle and use both hands to easily maneuver both the load and Easyhand M\u2122 laterally. Discover a new level of agility and efficiency with Easyhand M\u2122!<\/p>\t\t\t\t\t\t\t\t<\/div>\n\t\t\t\t<\/div>\n\t\t\t\t<div class=\"elementor-element elementor-element-680e250c elementor-widget elementor-widget-button\" data-id=\"680e250c\" data-element_type=\"widget\" data-widget_type=\"button.default\">\n\t\t\t\t<div class=\"elementor-widget-container\">\n\t\t\t\t\t\t\t\t\t<div class=\"elementor-button-wrapper\">\n\t\t\t\t\t<a class=\"elementor-button elementor-button-link elementor-size-xs\" href=\"https:\/\/pritec.se\/en\/vakuumlyftare\/\">\n\t\t\t\t\t\t<span class=\"elementor-button-content-wrapper\">\n\t\t\t\t\t\t\t\t\t<span class=\"elementor-button-text\">Vacuum lifters<\/span>\n\t\t\t\t\t<\/span>\n\t\t\t\t\t<\/a>\n\t\t\t\t<\/div>\n\t\t\t\t\t\t\t\t<\/div>\n\t\t\t\t<\/div>\n\t\t\t\t\t<\/div>\n\t\t<\/div>\n\t\t\t\t\t<\/div>\n\t\t<\/section>\n\t\t\t\t<\/div>","protected":false},"excerpt":{"rendered":"<p>EASYHAND M\u2122 Flexibel vakumlyftare med modul\u00e4r design EASYHAND M\u2122 Easyhand M\u2122 &#8211; f\u00f6r flexibel hantering av laster upp till 50 kg. Med sin modul\u00e4ra design g\u00f6r Easyhand M\u2122 det enkelt och bekv\u00e4mt att hantera allt fr\u00e5n s\u00e4ckar och kartonger till skivmaterial som glas och paneler. Man\u00f6verhandtaget finns i tv\u00e5 praktiska versioner: ett rakt handtag f\u00f6r [&hellip;]<\/p>","protected":false},"author":1,"featured_media":0,"parent":0,"menu_order":0,"comment_status":"closed","ping_status":"closed","template":"","meta":{"ocean_post_layout":"","ocean_both_sidebars_style":"","ocean_both_sidebars_content_width":0,"ocean_both_sidebars_sidebars_width":0,"ocean_sidebar":"","ocean_second_sidebar":"","ocean_disable_margins":"enable","ocean_add_body_class":"","ocean_shortcode_before_top_bar":"","ocean_shortcode_after_top_bar":"","ocean_shortcode_before_header":"","ocean_shortcode_after_header":"","ocean_has_shortcode":"","ocean_shortcode_after_title":"","ocean_shortcode_before_footer_widgets":"","ocean_shortcode_after_footer_widgets":"","ocean_shortcode_before_footer_bottom":"","ocean_shortcode_after_footer_bottom":"","ocean_display_top_bar":"default","ocean_display_header":"default","ocean_header_style":"","ocean_center_header_left_menu":"","ocean_custom_header_template":"","ocean_custom_logo":0,"ocean_custom_retina_logo":0,"ocean_custom_logo_max_width":0,"ocean_custom_logo_tablet_max_width":0,"ocean_custom_logo_mobile_max_width":0,"ocean_custom_logo_max_height":0,"ocean_custom_logo_tablet_max_height":0,"ocean_custom_logo_mobile_max_height":0,"ocean_header_custom_menu":"","ocean_menu_typo_font_family":"","ocean_menu_typo_font_subset":"","ocean_menu_typo_font_size":0,"ocean_menu_typo_font_size_tablet":0,"ocean_menu_typo_font_size_mobile":0,"ocean_menu_typo_font_size_unit":"px","ocean_menu_typo_font_weight":"","ocean_menu_typo_font_weight_tablet":"","ocean_menu_typo_font_weight_mobile":"","ocean_menu_typo_transform":"","ocean_menu_typo_transform_tablet":"","ocean_menu_typo_transform_mobile":"","ocean_menu_typo_line_height":0,"ocean_menu_typo_line_height_tablet":0,"ocean_menu_typo_line_height_mobile":0,"ocean_menu_typo_line_height_unit":"","ocean_menu_typo_spacing":0,"ocean_menu_typo_spacing_tablet":0,"ocean_menu_typo_spacing_mobile":0,"ocean_menu_typo_spacing_unit":"","ocean_menu_link_color":"","ocean_menu_link_color_hover":"","ocean_menu_link_color_active":"","ocean_menu_link_background":"","ocean_menu_link_hover_background":"","ocean_menu_link_active_background":"","ocean_menu_social_links_bg":"","ocean_menu_social_hover_links_bg":"","ocean_menu_social_links_color":"","ocean_menu_social_hover_links_color":"","ocean_disable_title":"default","ocean_disable_heading":"default","ocean_post_title":"","ocean_post_subheading":"","ocean_post_title_style":"","ocean_post_title_background_color":"","ocean_post_title_background":0,"ocean_post_title_bg_image_position":"","ocean_post_title_bg_image_attachment":"","ocean_post_title_bg_image_repeat":"","ocean_post_title_bg_image_size":"","ocean_post_title_height":0,"ocean_post_title_bg_overlay":0.5,"ocean_post_title_bg_overlay_color":"","ocean_disable_breadcrumbs":"default","ocean_breadcrumbs_color":"","ocean_breadcrumbs_separator_color":"","ocean_breadcrumbs_links_color":"","ocean_breadcrumbs_links_hover_color":"","ocean_display_footer_widgets":"default","ocean_display_footer_bottom":"default","ocean_custom_footer_template":"","osh_disable_topbar_sticky":"default","osh_disable_header_sticky":"default","osh_sticky_header_style":"default","osh_sticky_header_effect":"","osh_custom_sticky_logo":0,"osh_custom_retina_sticky_logo":0,"osh_custom_sticky_logo_height":0,"osh_background_color":"","osh_links_color":"","osh_links_hover_color":"","osh_links_active_color":"","osh_links_bg_color":"","osh_links_hover_bg_color":"","osh_links_active_bg_color":"","osh_menu_social_links_color":"","osh_menu_social_hover_links_color":"","footnotes":""},"class_list":["post-3510","page","type-page","status-publish","hentry","entry"],"_links":{"self":[{"href":"https:\/\/pritec.se\/en\/wp-json\/wp\/v2\/pages\/3510","targetHints":{"allow":["GET"]}}],"collection":[{"href":"https:\/\/pritec.se\/en\/wp-json\/wp\/v2\/pages"}],"about":[{"href":"https:\/\/pritec.se\/en\/wp-json\/wp\/v2\/types\/page"}],"author":[{"embeddable":true,"href":"https:\/\/pritec.se\/en\/wp-json\/wp\/v2\/users\/1"}],"replies":[{"embeddable":true,"href":"https:\/\/pritec.se\/en\/wp-json\/wp\/v2\/comments?post=3510"}],"version-history":[{"count":12,"href":"https:\/\/pritec.se\/en\/wp-json\/wp\/v2\/pages\/3510\/revisions"}],"predecessor-version":[{"id":3591,"href":"https:\/\/pritec.se\/en\/wp-json\/wp\/v2\/pages\/3510\/revisions\/3591"}],"wp:attachment":[{"href":"https:\/\/pritec.se\/en\/wp-json\/wp\/v2\/media?parent=3510"}],"curies":[{"name":"wp","href":"https:\/\/api.w.org\/{rel}","templated":true}]}}